{"id":1694,"date":"2022-04-11T15:49:06","date_gmt":"2022-04-11T13:49:06","guid":{"rendered":"https:\/\/www.apiovan.com\/?page_id=1694"},"modified":"2022-06-10T13:45:43","modified_gmt":"2022-06-10T13:45:43","slug":"condizioni-di-vendita","status":"publish","type":"page","link":"https:\/\/www.apiovan.com\/it\/condizioni-di-vendita\/","title":{"rendered":"Condizioni di vendita"},"content":{"rendered":"<p>&nbsp;<\/p>\n<p>&nbsp;<\/p>\n<h2>Ordini<\/h2>\n<p>Tutti gli ordini devono essere inviati per iscritto via e-mail oppure, per utenti autorizzati, attraverso il portale e devono indicare le condizioni (resa, pagamento, imballo, ecc\u2026) oltre ad indicare i prezzi concordati.<\/p>\n<p>&nbsp;<\/p>\n<h2>Prezzi<\/h2>\n<p>Salvo accordi particolari, gli ordini verranno evasi secondo i prezzi in vigore del listino corrente espressi in \u20ac (EURO) sono da intendersi al netto di I.V.A. e sostituiscono annullando integralmente i precedenti, unitamente ad ogni altra antecedente comunicazione in merito.<\/p>\n<p>A.Piovan si riserva il diritto di modificare i prezzi del listino, senza preavviso alcuno. In caso di discordanza tra i prezzi indicati nell\u2019ordine ricevuto, sar\u00e0 nostra cura inviare la conferma con le nuove quotazioni da autorizzare.<\/p>\n<p>&nbsp;<\/p>\n<h2>Spedizioni<\/h2>\n<p>Il materiale \u00e8 spedito in porto assegnato o franco con addebito in fattura del trasporto salvo accordi particolari convenuti tra le parti. La merce viaggia a rischio e pericolo dell\u2019acquirente in caso di porto assegnato e non ci riterremo responsabili per alcun problema causato dal destinatario o dal corriere scelto dallo stesso.<br \/>\nAvarie, mancanze o danni occorsi durante il trasporto con corriere devono essere contestati allo spedizioniere indicandoli nel documento di consegna sia in caso di porto assegnato che nel caso di trasporto tramite con nostro corriere. In caso di spedizioni in porto assegnato non siamo responsabili in nessun modo di danneggiamenti e\/o rotture avvenute durante il trasporto eventuali reclami devono essere indirizzati al corriere scelto dal cliente. Ogni reclamo per merce ricevuta e non conforme all\u2019ordine deve essere notificato per iscritto\u00a0entro e non oltre 10 giorni dal ricevimento.<\/p>\n<p>&nbsp;<\/p>\n<h2>Resi merci<\/h2>\n<p>I resi merce per annullamento ordini o errori nella formulazione dell\u2019ordine dovranno essere resi in PORTO FRANCO (quindi spese di trasporto a carico del cliente) ad A.Piovan srl previa ns. autorizzazione scritta, a seguito di Vostra specifica richiesta. La merce inviata senza numero di autorizzazione verr\u00e0 respinta al mittente.\u00a0La spedizione dovr\u00e0 essere inviata indicando sul D.D.T. il numero di autorizzazione (RMA). La merce resa per errata ordinazione potr\u00e0 dare luogo ad\u00a0una riduzione forfettaria del credito a copertura delle spese di gestione, controllo e rimessa in stock.<\/p>\n<p>&nbsp;<\/p>\n<h2>Pagamento<\/h2>\n<p>Il termine di pagamento deve essere preventivamente accordato ed autorizzato da A.Piovan srl. Ogni ritardo di pagamento generer\u00e0 automaticamente la sospensione delle consegne ed ogni altro servizio o prestazione in corso. Senza pregiudizio alle azioni legali che A.Piovan intender\u00e0 perseguire, verr\u00e0 inoltre applicato un interesse del 2% mensile, sull\u2019ammontare del valore dovuto, calcolato dalla data di scadenza alla data dell\u2019effettivo pagamento.<br \/>\nRichiesta di risarcimenti per ritardi consegna e non conformit\u00e0 prodotti dalla<br \/>\nA.Piovan srl non riconosce alcun addebito per ritardata consegna e\/o eventuali costi sia per fermo macchina che per smontaggio dei particolari salvo diverso accordo sottoscritto dal legale rappresentante. In assenza di questo verr\u00e0 respinta qualsiasi istanza di addebito per qualsivoglia motivazione. In caso di non conformit\u00e0 dei prodotti, qualora comprovata, la nostra responsabilit\u00e0 si limita alla sostituzione del particolare se disponibile.<\/p>\n<p>&nbsp;<\/p>\n<h2>Garanzia prodotti<\/h2>\n<p>La garanzia \u00e8 valida per il periodo di 1 anno a partire dalla data di vendita.<br \/>\nOgni applicazione di garanzia decadr\u00e0 qualora si riscontrasse un cattivo impiego dei nostri prodotti, quali per esempio installazioni non corrette, manomissioni dei particolari, omissioni di manutenzione e qualsiasi altra forma di negligenza da parte dell\u2019installatore o dall\u2019utente.<br \/>\nA.Piovan non si assume alcuna responsabilit\u00e0 per danni causati dall\u2019utilizzo improprio dei propri prodotti.<\/p>\n<p>&nbsp;<\/p>\n<p>&nbsp;<\/p>\n","protected":false},"excerpt":{"rendered":"<p>&nbsp; &nbsp; Ordini Tutti gli ordini devono essere inviati per iscritto via e-mail oppure, per utenti autorizzati, attraverso il portale e devono indicare le condizioni (resa, pagamento, imballo, ecc\u2026) oltre ad indicare i prezzi concordati. &nbsp; Prezzi Salvo accordi particolari, gli ordini verranno evasi secondo i prezzi in vigore del listino corrente espressi in \u20ac [&hellip;]<\/p>\n","protected":false},"author":1,"featured_media":0,"parent":0,"menu_order":0,"comment_status":"closed","ping_status":"closed","template":"","meta":{"_acf_changed":false,"content-type":"","site-sidebar-layout":"default","site-content-layout":"default","ast-site-content-layout":"default","site-content-style":"default","site-sidebar-style":"default","ast-global-header-display":"","ast-banner-title-visibility":"","ast-main-header-display":"","ast-hfb-above-header-display":"","ast-hfb-below-header-display":"","ast-hfb-mobile-header-display":"","site-post-title":"","ast-breadcrumbs-content":"","ast-featured-img":"","footer-sml-layout":"","ast-disable-related-posts":"","theme-transparent-header-meta":"default","adv-header-id-meta":"","stick-header-meta":"default","header-above-stick-meta":"","header-main-stick-meta":"","header-below-stick-meta":"","astra-migrate-meta-layouts":"default","ast-page-background-enabled":"default","ast-page-background-meta":{"desktop":{"background-color":"var(--ast-global-color-4)","background-image":"","background-repeat":"repeat","background-position":"center center","background-size":"auto","background-attachment":"scroll","background-type":"","background-media":"","overlay-type":"","overlay-color":"","overlay-opacity":"","overlay-gradient":""},"tablet":{"background-color":"","background-image":"","background-repeat":"repeat","background-position":"center center","background-size":"auto","background-attachment":"scroll","background-type":"","background-media":"","overlay-type":"","overlay-color":"","overlay-opacity":"","overlay-gradient":""},"mobile":{"background-color":"","background-image":"","background-repeat":"repeat","background-position":"center center","background-size":"auto","background-attachment":"scroll","background-type":"","background-media":"","overlay-type":"","overlay-color":"","overlay-opacity":"","overlay-gradient":""}},"ast-content-background-meta":{"desktop":{"background-color":"var(--ast-global-color-5)","background-image":"","background-repeat":"repeat","background-position":"center center","background-size":"auto","background-attachment":"scroll","background-type":"","background-media":"","overlay-type":"","overlay-color":"","overlay-opacity":"","overlay-gradient":""},"tablet":{"background-color":"var(--ast-global-color-5)","background-image":"","background-repeat":"repeat","background-position":"center center","background-size":"auto","background-attachment":"scroll","background-type":"","background-media":"","overlay-type":"","overlay-color":"","overlay-opacity":"","overlay-gradient":""},"mobile":{"background-color":"var(--ast-global-color-5)","background-image":"","background-repeat":"repeat","background-position":"center center","background-size":"auto","background-attachment":"scroll","background-type":"","background-media":"","overlay-type":"","overlay-color":"","overlay-opacity":"","overlay-gradient":""}},"footnotes":""},"class_list":["post-1694","page","type-page","status-publish","hentry"],"acf":[],"yoast_head":"<!-- This site is optimized with the Yoast SEO plugin v27.2 - https:\/\/yoast.com\/product\/yoast-seo-wordpress\/ -->\n<title>Condizioni di vendita | A.Piovan Srl<\/title>\n<meta name=\"robots\" content=\"index, follow, max-snippet:-1, max-image-preview:large, max-video-preview:-1\" \/>\n<link rel=\"canonical\" href=\"https:\/\/www.apiovan.com\/it\/condizioni-di-vendita\/\" \/>\n<meta property=\"og:locale\" content=\"it_IT\" \/>\n<meta property=\"og:type\" content=\"article\" \/>\n<meta property=\"og:title\" content=\"Condizioni di vendita | A.Piovan Srl\" \/>\n<meta property=\"og:description\" content=\"&nbsp; &nbsp; Ordini Tutti gli ordini devono essere inviati per iscritto via e-mail oppure, per utenti autorizzati, attraverso il portale e devono indicare le condizioni (resa, pagamento, imballo, ecc\u2026) oltre ad indicare i prezzi concordati. &nbsp; Prezzi Salvo accordi particolari, gli ordini verranno evasi secondo i prezzi in vigore del listino corrente espressi in \u20ac [&hellip;]\" \/>\n<meta property=\"og:url\" content=\"https:\/\/www.apiovan.com\/it\/condizioni-di-vendita\/\" \/>\n<meta property=\"og:site_name\" content=\"A.Piovan Srl\" \/>\n<meta property=\"article:modified_time\" content=\"2022-06-10T13:45:43+00:00\" \/>\n<meta name=\"twitter:card\" content=\"summary_large_image\" \/>\n<meta name=\"twitter:label1\" content=\"Tempo di lettura stimato\" \/>\n\t<meta name=\"twitter:data1\" content=\"3 minuti\" \/>\n<script type=\"application\/ld+json\" class=\"yoast-schema-graph\">{\"@context\":\"https:\/\/schema.org\",\"@graph\":[{\"@type\":\"WebPage\",\"@id\":\"https:\/\/www.apiovan.com\/it\/condizioni-di-vendita\/\",\"url\":\"https:\/\/www.apiovan.com\/it\/condizioni-di-vendita\/\",\"name\":\"Condizioni di vendita | A.Piovan Srl\",\"isPartOf\":{\"@id\":\"https:\/\/www.apiovan.com\/it\/#website\"},\"datePublished\":\"2022-04-11T13:49:06+00:00\",\"dateModified\":\"2022-06-10T13:45:43+00:00\",\"breadcrumb\":{\"@id\":\"https:\/\/www.apiovan.com\/it\/condizioni-di-vendita\/#breadcrumb\"},\"inLanguage\":\"it-IT\",\"potentialAction\":[{\"@type\":\"ReadAction\",\"target\":[\"https:\/\/www.apiovan.com\/it\/condizioni-di-vendita\/\"]}]},{\"@type\":\"BreadcrumbList\",\"@id\":\"https:\/\/www.apiovan.com\/it\/condizioni-di-vendita\/#breadcrumb\",\"itemListElement\":[{\"@type\":\"ListItem\",\"position\":1,\"name\":\"Home\",\"item\":\"https:\/\/www.apiovan.com\/it\/\"},{\"@type\":\"ListItem\",\"position\":2,\"name\":\"Condizioni di vendita\"}]},{\"@type\":\"WebSite\",\"@id\":\"https:\/\/www.apiovan.com\/it\/#website\",\"url\":\"https:\/\/www.apiovan.com\/it\/\",\"name\":\"A.Piovan Srl\",\"description\":\"Prodotti in gomma per macchine industriali\",\"publisher\":{\"@id\":\"https:\/\/www.apiovan.com\/it\/#organization\"},\"potentialAction\":[{\"@type\":\"SearchAction\",\"target\":{\"@type\":\"EntryPoint\",\"urlTemplate\":\"https:\/\/www.apiovan.com\/it\/?s={search_term_string}\"},\"query-input\":{\"@type\":\"PropertyValueSpecification\",\"valueRequired\":true,\"valueName\":\"search_term_string\"}}],\"inLanguage\":\"it-IT\"},{\"@type\":\"Organization\",\"@id\":\"https:\/\/www.apiovan.com\/it\/#organization\",\"name\":\"A.Piovan Srl\",\"url\":\"https:\/\/www.apiovan.com\/it\/\",\"logo\":{\"@type\":\"ImageObject\",\"inLanguage\":\"it-IT\",\"@id\":\"https:\/\/www.apiovan.com\/it\/#\/schema\/logo\/image\/\",\"url\":\"https:\/\/www.apiovan.com\/wp-content\/uploads\/2022\/04\/logo_piovan_footer.png\",\"contentUrl\":\"https:\/\/www.apiovan.com\/wp-content\/uploads\/2022\/04\/logo_piovan_footer.png\",\"width\":264,\"height\":64,\"caption\":\"A.Piovan Srl\"},\"image\":{\"@id\":\"https:\/\/www.apiovan.com\/it\/#\/schema\/logo\/image\/\"},\"sameAs\":[\"https:\/\/www.linkedin.com\/company\/a-piovan-srl\/\"]}]}<\/script>\n<!-- \/ Yoast SEO plugin. -->","yoast_head_json":{"title":"Condizioni di vendita | A.Piovan Srl","robots":{"index":"index","follow":"follow","max-snippet":"max-snippet:-1","max-image-preview":"max-image-preview:large","max-video-preview":"max-video-preview:-1"},"canonical":"https:\/\/www.apiovan.com\/it\/condizioni-di-vendita\/","og_locale":"it_IT","og_type":"article","og_title":"Condizioni di vendita | A.Piovan Srl","og_description":"&nbsp; &nbsp; Ordini Tutti gli ordini devono essere inviati per iscritto via e-mail oppure, per utenti autorizzati, attraverso il portale e devono indicare le condizioni (resa, pagamento, imballo, ecc\u2026) oltre ad indicare i prezzi concordati. &nbsp; Prezzi Salvo accordi particolari, gli ordini verranno evasi secondo i prezzi in vigore del listino corrente espressi in \u20ac [&hellip;]","og_url":"https:\/\/www.apiovan.com\/it\/condizioni-di-vendita\/","og_site_name":"A.Piovan Srl","article_modified_time":"2022-06-10T13:45:43+00:00","twitter_card":"summary_large_image","twitter_misc":{"Tempo di lettura stimato":"3 minuti"},"schema":{"@context":"https:\/\/schema.org","@graph":[{"@type":"WebPage","@id":"https:\/\/www.apiovan.com\/it\/condizioni-di-vendita\/","url":"https:\/\/www.apiovan.com\/it\/condizioni-di-vendita\/","name":"Condizioni di vendita | A.Piovan Srl","isPartOf":{"@id":"https:\/\/www.apiovan.com\/it\/#website"},"datePublished":"2022-04-11T13:49:06+00:00","dateModified":"2022-06-10T13:45:43+00:00","breadcrumb":{"@id":"https:\/\/www.apiovan.com\/it\/condizioni-di-vendita\/#breadcrumb"},"inLanguage":"it-IT","potentialAction":[{"@type":"ReadAction","target":["https:\/\/www.apiovan.com\/it\/condizioni-di-vendita\/"]}]},{"@type":"BreadcrumbList","@id":"https:\/\/www.apiovan.com\/it\/condizioni-di-vendita\/#breadcrumb","itemListElement":[{"@type":"ListItem","position":1,"name":"Home","item":"https:\/\/www.apiovan.com\/it\/"},{"@type":"ListItem","position":2,"name":"Condizioni di vendita"}]},{"@type":"WebSite","@id":"https:\/\/www.apiovan.com\/it\/#website","url":"https:\/\/www.apiovan.com\/it\/","name":"A.Piovan Srl","description":"Prodotti in gomma per macchine industriali","publisher":{"@id":"https:\/\/www.apiovan.com\/it\/#organization"},"potentialAction":[{"@type":"SearchAction","target":{"@type":"EntryPoint","urlTemplate":"https:\/\/www.apiovan.com\/it\/?s={search_term_string}"},"query-input":{"@type":"PropertyValueSpecification","valueRequired":true,"valueName":"search_term_string"}}],"inLanguage":"it-IT"},{"@type":"Organization","@id":"https:\/\/www.apiovan.com\/it\/#organization","name":"A.Piovan Srl","url":"https:\/\/www.apiovan.com\/it\/","logo":{"@type":"ImageObject","inLanguage":"it-IT","@id":"https:\/\/www.apiovan.com\/it\/#\/schema\/logo\/image\/","url":"https:\/\/www.apiovan.com\/wp-content\/uploads\/2022\/04\/logo_piovan_footer.png","contentUrl":"https:\/\/www.apiovan.com\/wp-content\/uploads\/2022\/04\/logo_piovan_footer.png","width":264,"height":64,"caption":"A.Piovan Srl"},"image":{"@id":"https:\/\/www.apiovan.com\/it\/#\/schema\/logo\/image\/"},"sameAs":["https:\/\/www.linkedin.com\/company\/a-piovan-srl\/"]}]}},"_links":{"self":[{"href":"https:\/\/www.apiovan.com\/it\/wp-json\/wp\/v2\/pages\/1694","targetHints":{"allow":["GET"]}}],"collection":[{"href":"https:\/\/www.apiovan.com\/it\/wp-json\/wp\/v2\/pages"}],"about":[{"href":"https:\/\/www.apiovan.com\/it\/wp-json\/wp\/v2\/types\/page"}],"author":[{"embeddable":true,"href":"https:\/\/www.apiovan.com\/it\/wp-json\/wp\/v2\/users\/1"}],"replies":[{"embeddable":true,"href":"https:\/\/www.apiovan.com\/it\/wp-json\/wp\/v2\/comments?post=1694"}],"version-history":[{"count":10,"href":"https:\/\/www.apiovan.com\/it\/wp-json\/wp\/v2\/pages\/1694\/revisions"}],"predecessor-version":[{"id":4249,"href":"https:\/\/www.apiovan.com\/it\/wp-json\/wp\/v2\/pages\/1694\/revisions\/4249"}],"wp:attachment":[{"href":"https:\/\/www.apiovan.com\/it\/wp-json\/wp\/v2\/media?parent=1694"}],"curies":[{"name":"wp","href":"https:\/\/api.w.org\/{rel}","templated":true}]}}