{"id":4415,"date":"2022-06-14T09:28:30","date_gmt":"2022-06-14T07:28:30","guid":{"rendered":"https:\/\/www.apiovan.com\/manicotto-per-aspo-svolgitore-in-gomma\/"},"modified":"2025-06-19T16:38:35","modified_gmt":"2025-06-19T14:38:35","slug":"manicotto-per-aspo-avvolgitore-in-gomma-doppio-strato","status":"publish","type":"product","link":"https:\/\/www.apiovan.com\/it\/manicotto-per-aspo-avvolgitore-in-gomma-doppio-strato\/","title":{"rendered":"Manicotto per Aspo Avvolgitore in Gomma Doppio Strato"},"content":{"rendered":"<p>Il manicotto per aspo permette di adattare in maniera veloce diverse misure di coils, a differenza dei sovra-tegoli per aspi, permette un cambio rapido riducendo quindi i tempi di attrezzaggio, migliora il grip sulla lamiera e riduce i possibili difetti iniziali di svolgimento. La linea di manicotti per aspo A.Piovan in doppio strato di gomma, utilizzata prevalentemente per lo svolgimento dei coils, si caratterizza per:<\/p>\n<ul>\n<li>Ottima resistenza chimica agli olii e grassi di processo;<\/li>\n<li>Alta resistenza meccanica;<\/li>\n<li>Possibilit\u00e0 di scanalature esterne ed interni e angoli smussati;<\/li>\n<li>Numerose possibilit\u00e0 di dimensioni, spessori e tipi di gomma altamente customizzabili;<\/li>\n<li>Differenti polimeri di gomma disponibili in base alle applicazioni con range di durezza standard da 50 a 80 sh A<\/li>\n<li>Lo strato esterno in gomma pi\u00f9 morbida permette l&#8217;avvolgimento delle lamiere pi\u00f9 sottili senza segnarle, lo strato interno pi\u00f9 duro mantiene la struttura del manicotto nel tempo<\/li>\n<\/ul>\n","protected":false},"excerpt":{"rendered":"<p>Il manicotto per aspo in doppio strato ha uno strato pi\u00f9 duro internamente per dare struttura ed uno pi\u00f9 morbido all&#8217;esterno per un&#8217;azione pi\u00f9 delicata all&#8217;inizio dell&#8217;avvolgimento, in particolare per le lamiere pi\u00f9 sottili.<\/p>\n","protected":false},"featured_media":4731,"template":"","meta":{"_acf_changed":false,"content-type":"","site-sidebar-layout":"default","site-content-layout":"default","ast-site-content-layout":"default","site-content-style":"default","site-sidebar-style":"default","ast-global-header-display":"","ast-banner-title-visibility":"","ast-main-header-display":"","ast-hfb-above-header-display":"","ast-hfb-below-header-display":"","ast-hfb-mobile-header-display":"","site-post-title":"","ast-breadcrumbs-content":"","ast-featured-img":"","footer-sml-layout":"","ast-disable-related-posts":"","theme-transparent-header-meta":"default","adv-header-id-meta":"","stick-header-meta":"default","header-above-stick-meta":"","header-main-stick-meta":"","header-below-stick-meta":"","astra-migrate-meta-layouts":"set","ast-page-background-enabled":"default","ast-page-background-meta":{"desktop":{"background-color":"var(--ast-global-color-4)","background-image":"","background-repeat":"repeat","background-position":"center center","background-size":"auto","background-attachment":"scroll","background-type":"","background-media":"","overlay-type":"","overlay-color":"","overlay-opacity":"","overlay-gradient":""},"tablet":{"background-color":"","background-image":"","background-repeat":"repeat","background-position":"center center","background-size":"auto","background-attachment":"scroll","background-type":"","background-media":"","overlay-type":"","overlay-color":"","overlay-opacity":"","overlay-gradient":""},"mobile":{"background-color":"","background-image":"","background-repeat":"repeat","background-position":"center center","background-size":"auto","background-attachment":"scroll","background-type":"","background-media":"","overlay-type":"","overlay-color":"","overlay-opacity":"","overlay-gradient":""}},"ast-content-background-meta":{"desktop":{"background-color":"var(--ast-global-color-5)","background-image":"","background-repeat":"repeat","background-position":"center center","background-size":"auto","background-attachment":"scroll","background-type":"","background-media":"","overlay-type":"","overlay-color":"","overlay-opacity":"","overlay-gradient":""},"tablet":{"background-color":"var(--ast-global-color-5)","background-image":"","background-repeat":"repeat","background-position":"center center","background-size":"auto","background-attachment":"scroll","background-type":"","background-media":"","overlay-type":"","overlay-color":"","overlay-opacity":"","overlay-gradient":""},"mobile":{"background-color":"var(--ast-global-color-5)","background-image":"","background-repeat":"repeat","background-position":"center center","background-size":"auto","background-attachment":"scroll","background-type":"","background-media":"","overlay-type":"","overlay-color":"","overlay-opacity":"","overlay-gradient":""}}},"product_brand":[],"product_cat":[50,31],"product_tag":[69],"class_list":{"0":"post-4415","1":"product","2":"type-product","3":"status-publish","4":"has-post-thumbnail","6":"product_cat-manicotti-per-aspo","7":"product_cat-prodotti","8":"product_tag-lamiera","9":"desktop-align-left","10":"tablet-align-left","11":"mobile-align-left","12":"ast-product-gallery-layout-horizontal","13":"ast-product-gallery-with-no-image","14":"ast-magnify-disabled","15":"ast-product-tabs-layout-horizontal","17":"first","18":"instock","19":"product-type-simple"},"acf":[],"yoast_head":"<!-- This site is optimized with the Yoast SEO plugin v27.4 - https:\/\/yoast.com\/product\/yoast-seo-wordpress\/ -->\n<title>Manicotto per Aspo Doppio Strato in Gomma | A.Piovan<\/title>\n<meta name=\"description\" content=\"Manicotto professionale doppio strato in gomma per operazioni di avvolgimento pesanti. Presa migliorata e durata superiore.\" \/>\n<meta name=\"robots\" content=\"index, follow, max-snippet:-1, max-image-preview:large, max-video-preview:-1\" \/>\n<link rel=\"canonical\" href=\"https:\/\/www.apiovan.com\/it\/manicotto-per-aspo-avvolgitore-in-gomma-doppio-strato\/\" \/>\n<meta property=\"og:locale\" content=\"it_IT\" \/>\n<meta property=\"og:type\" content=\"article\" \/>\n<meta property=\"og:title\" content=\"Manicotto per Aspo Doppio Strato in Gomma | A.Piovan\" \/>\n<meta property=\"og:description\" content=\"Manicotto professionale doppio strato in gomma per operazioni di avvolgimento pesanti. Presa migliorata e durata superiore.\" \/>\n<meta property=\"og:url\" content=\"https:\/\/www.apiovan.com\/it\/manicotto-per-aspo-avvolgitore-in-gomma-doppio-strato\/\" \/>\n<meta property=\"og:site_name\" content=\"A.Piovan Srl\" \/>\n<meta property=\"article:modified_time\" content=\"2025-06-19T14:38:35+00:00\" \/>\n<meta property=\"og:image\" content=\"https:\/\/www.apiovan.com\/wp-content\/uploads\/2022\/06\/manicotto-per-aspo-in-gomma-2-scaled.jpg\" \/>\n\t<meta property=\"og:image:width\" content=\"2560\" \/>\n\t<meta property=\"og:image:height\" content=\"1709\" \/>\n\t<meta property=\"og:image:type\" content=\"image\/jpeg\" \/>\n<meta name=\"twitter:card\" content=\"summary_large_image\" \/>\n<meta name=\"twitter:label1\" content=\"Tempo di lettura stimato\" \/>\n\t<meta name=\"twitter:data1\" content=\"1 minuto\" \/>\n<script type=\"application\/ld+json\" class=\"yoast-schema-graph\">{\"@context\":\"https:\\\/\\\/schema.org\",\"@graph\":[{\"@type\":\"WebPage\",\"@id\":\"https:\\\/\\\/www.apiovan.com\\\/it\\\/manicotto-per-aspo-avvolgitore-in-gomma-doppio-strato\\\/\",\"url\":\"https:\\\/\\\/www.apiovan.com\\\/it\\\/manicotto-per-aspo-avvolgitore-in-gomma-doppio-strato\\\/\",\"name\":\"Manicotto per Aspo Doppio Strato in Gomma | A.Piovan\",\"isPartOf\":{\"@id\":\"https:\\\/\\\/www.apiovan.com\\\/it\\\/#website\"},\"primaryImageOfPage\":{\"@id\":\"https:\\\/\\\/www.apiovan.com\\\/it\\\/manicotto-per-aspo-avvolgitore-in-gomma-doppio-strato\\\/#primaryimage\"},\"image\":{\"@id\":\"https:\\\/\\\/www.apiovan.com\\\/it\\\/manicotto-per-aspo-avvolgitore-in-gomma-doppio-strato\\\/#primaryimage\"},\"thumbnailUrl\":\"https:\\\/\\\/www.apiovan.com\\\/wp-content\\\/uploads\\\/2022\\\/06\\\/manicotto-per-aspo-in-gomma-2-scaled.jpg\",\"datePublished\":\"2022-06-14T07:28:30+00:00\",\"dateModified\":\"2025-06-19T14:38:35+00:00\",\"description\":\"Manicotto professionale doppio strato in gomma per operazioni di avvolgimento pesanti. Presa migliorata e durata superiore.\",\"breadcrumb\":{\"@id\":\"https:\\\/\\\/www.apiovan.com\\\/it\\\/manicotto-per-aspo-avvolgitore-in-gomma-doppio-strato\\\/#breadcrumb\"},\"inLanguage\":\"it-IT\",\"potentialAction\":[{\"@type\":\"ReadAction\",\"target\":[\"https:\\\/\\\/www.apiovan.com\\\/it\\\/manicotto-per-aspo-avvolgitore-in-gomma-doppio-strato\\\/\"]}]},{\"@type\":\"ImageObject\",\"inLanguage\":\"it-IT\",\"@id\":\"https:\\\/\\\/www.apiovan.com\\\/it\\\/manicotto-per-aspo-avvolgitore-in-gomma-doppio-strato\\\/#primaryimage\",\"url\":\"https:\\\/\\\/www.apiovan.com\\\/wp-content\\\/uploads\\\/2022\\\/06\\\/manicotto-per-aspo-in-gomma-2-scaled.jpg\",\"contentUrl\":\"https:\\\/\\\/www.apiovan.com\\\/wp-content\\\/uploads\\\/2022\\\/06\\\/manicotto-per-aspo-in-gomma-2-scaled.jpg\",\"width\":2560,\"height\":1709,\"caption\":\"manicotto per aspo in gomma\"},{\"@type\":\"BreadcrumbList\",\"@id\":\"https:\\\/\\\/www.apiovan.com\\\/it\\\/manicotto-per-aspo-avvolgitore-in-gomma-doppio-strato\\\/#breadcrumb\",\"itemListElement\":[{\"@type\":\"ListItem\",\"position\":1,\"name\":\"Home\",\"item\":\"https:\\\/\\\/www.apiovan.com\\\/it\\\/\"},{\"@type\":\"ListItem\",\"position\":2,\"name\":\"Prodotti\",\"item\":\"https:\\\/\\\/www.apiovan.com\\\/it\\\/shop\\\/\"},{\"@type\":\"ListItem\",\"position\":3,\"name\":\"Manicotto per Aspo Avvolgitore in Gomma Doppio Strato\"}]},{\"@type\":\"WebSite\",\"@id\":\"https:\\\/\\\/www.apiovan.com\\\/it\\\/#website\",\"url\":\"https:\\\/\\\/www.apiovan.com\\\/it\\\/\",\"name\":\"A.Piovan Srl\",\"description\":\"Prodotti in gomma per macchine industriali\",\"publisher\":{\"@id\":\"https:\\\/\\\/www.apiovan.com\\\/it\\\/#organization\"},\"potentialAction\":[{\"@type\":\"SearchAction\",\"target\":{\"@type\":\"EntryPoint\",\"urlTemplate\":\"https:\\\/\\\/www.apiovan.com\\\/it\\\/?s={search_term_string}\"},\"query-input\":{\"@type\":\"PropertyValueSpecification\",\"valueRequired\":true,\"valueName\":\"search_term_string\"}}],\"inLanguage\":\"it-IT\"},{\"@type\":\"Organization\",\"@id\":\"https:\\\/\\\/www.apiovan.com\\\/it\\\/#organization\",\"name\":\"A.Piovan Srl\",\"url\":\"https:\\\/\\\/www.apiovan.com\\\/it\\\/\",\"logo\":{\"@type\":\"ImageObject\",\"inLanguage\":\"it-IT\",\"@id\":\"https:\\\/\\\/www.apiovan.com\\\/it\\\/#\\\/schema\\\/logo\\\/image\\\/\",\"url\":\"https:\\\/\\\/www.apiovan.com\\\/wp-content\\\/uploads\\\/2022\\\/04\\\/logo_piovan_footer.png\",\"contentUrl\":\"https:\\\/\\\/www.apiovan.com\\\/wp-content\\\/uploads\\\/2022\\\/04\\\/logo_piovan_footer.png\",\"width\":264,\"height\":64,\"caption\":\"A.Piovan Srl\"},\"image\":{\"@id\":\"https:\\\/\\\/www.apiovan.com\\\/it\\\/#\\\/schema\\\/logo\\\/image\\\/\"},\"sameAs\":[\"https:\\\/\\\/www.linkedin.com\\\/company\\\/a-piovan-srl\\\/\"]}]}<\/script>\n<!-- \/ Yoast SEO plugin. -->","yoast_head_json":{"title":"Manicotto per Aspo Doppio Strato in Gomma | A.Piovan","description":"Manicotto professionale doppio strato in gomma per operazioni di avvolgimento pesanti. Presa migliorata e durata superiore.","robots":{"index":"index","follow":"follow","max-snippet":"max-snippet:-1","max-image-preview":"max-image-preview:large","max-video-preview":"max-video-preview:-1"},"canonical":"https:\/\/www.apiovan.com\/it\/manicotto-per-aspo-avvolgitore-in-gomma-doppio-strato\/","og_locale":"it_IT","og_type":"article","og_title":"Manicotto per Aspo Doppio Strato in Gomma | A.Piovan","og_description":"Manicotto professionale doppio strato in gomma per operazioni di avvolgimento pesanti. Presa migliorata e durata superiore.","og_url":"https:\/\/www.apiovan.com\/it\/manicotto-per-aspo-avvolgitore-in-gomma-doppio-strato\/","og_site_name":"A.Piovan Srl","article_modified_time":"2025-06-19T14:38:35+00:00","og_image":[{"width":2560,"height":1709,"url":"https:\/\/www.apiovan.com\/wp-content\/uploads\/2022\/06\/manicotto-per-aspo-in-gomma-2-scaled.jpg","type":"image\/jpeg"}],"twitter_card":"summary_large_image","twitter_misc":{"Tempo di lettura stimato":"1 minuto"},"schema":{"@context":"https:\/\/schema.org","@graph":[{"@type":"WebPage","@id":"https:\/\/www.apiovan.com\/it\/manicotto-per-aspo-avvolgitore-in-gomma-doppio-strato\/","url":"https:\/\/www.apiovan.com\/it\/manicotto-per-aspo-avvolgitore-in-gomma-doppio-strato\/","name":"Manicotto per Aspo Doppio Strato in Gomma | A.Piovan","isPartOf":{"@id":"https:\/\/www.apiovan.com\/it\/#website"},"primaryImageOfPage":{"@id":"https:\/\/www.apiovan.com\/it\/manicotto-per-aspo-avvolgitore-in-gomma-doppio-strato\/#primaryimage"},"image":{"@id":"https:\/\/www.apiovan.com\/it\/manicotto-per-aspo-avvolgitore-in-gomma-doppio-strato\/#primaryimage"},"thumbnailUrl":"https:\/\/www.apiovan.com\/wp-content\/uploads\/2022\/06\/manicotto-per-aspo-in-gomma-2-scaled.jpg","datePublished":"2022-06-14T07:28:30+00:00","dateModified":"2025-06-19T14:38:35+00:00","description":"Manicotto professionale doppio strato in gomma per operazioni di avvolgimento pesanti. Presa migliorata e durata superiore.","breadcrumb":{"@id":"https:\/\/www.apiovan.com\/it\/manicotto-per-aspo-avvolgitore-in-gomma-doppio-strato\/#breadcrumb"},"inLanguage":"it-IT","potentialAction":[{"@type":"ReadAction","target":["https:\/\/www.apiovan.com\/it\/manicotto-per-aspo-avvolgitore-in-gomma-doppio-strato\/"]}]},{"@type":"ImageObject","inLanguage":"it-IT","@id":"https:\/\/www.apiovan.com\/it\/manicotto-per-aspo-avvolgitore-in-gomma-doppio-strato\/#primaryimage","url":"https:\/\/www.apiovan.com\/wp-content\/uploads\/2022\/06\/manicotto-per-aspo-in-gomma-2-scaled.jpg","contentUrl":"https:\/\/www.apiovan.com\/wp-content\/uploads\/2022\/06\/manicotto-per-aspo-in-gomma-2-scaled.jpg","width":2560,"height":1709,"caption":"manicotto per aspo in gomma"},{"@type":"BreadcrumbList","@id":"https:\/\/www.apiovan.com\/it\/manicotto-per-aspo-avvolgitore-in-gomma-doppio-strato\/#breadcrumb","itemListElement":[{"@type":"ListItem","position":1,"name":"Home","item":"https:\/\/www.apiovan.com\/it\/"},{"@type":"ListItem","position":2,"name":"Prodotti","item":"https:\/\/www.apiovan.com\/it\/shop\/"},{"@type":"ListItem","position":3,"name":"Manicotto per Aspo Avvolgitore in Gomma Doppio Strato"}]},{"@type":"WebSite","@id":"https:\/\/www.apiovan.com\/it\/#website","url":"https:\/\/www.apiovan.com\/it\/","name":"A.Piovan Srl","description":"Prodotti in gomma per macchine industriali","publisher":{"@id":"https:\/\/www.apiovan.com\/it\/#organization"},"potentialAction":[{"@type":"SearchAction","target":{"@type":"EntryPoint","urlTemplate":"https:\/\/www.apiovan.com\/it\/?s={search_term_string}"},"query-input":{"@type":"PropertyValueSpecification","valueRequired":true,"valueName":"search_term_string"}}],"inLanguage":"it-IT"},{"@type":"Organization","@id":"https:\/\/www.apiovan.com\/it\/#organization","name":"A.Piovan Srl","url":"https:\/\/www.apiovan.com\/it\/","logo":{"@type":"ImageObject","inLanguage":"it-IT","@id":"https:\/\/www.apiovan.com\/it\/#\/schema\/logo\/image\/","url":"https:\/\/www.apiovan.com\/wp-content\/uploads\/2022\/04\/logo_piovan_footer.png","contentUrl":"https:\/\/www.apiovan.com\/wp-content\/uploads\/2022\/04\/logo_piovan_footer.png","width":264,"height":64,"caption":"A.Piovan Srl"},"image":{"@id":"https:\/\/www.apiovan.com\/it\/#\/schema\/logo\/image\/"},"sameAs":["https:\/\/www.linkedin.com\/company\/a-piovan-srl\/"]}]}},"_links":{"self":[{"href":"https:\/\/www.apiovan.com\/it\/wp-json\/wp\/v2\/product\/4415","targetHints":{"allow":["GET"]}}],"collection":[{"href":"https:\/\/www.apiovan.com\/it\/wp-json\/wp\/v2\/product"}],"about":[{"href":"https:\/\/www.apiovan.com\/it\/wp-json\/wp\/v2\/types\/product"}],"version-history":[{"count":3,"href":"https:\/\/www.apiovan.com\/it\/wp-json\/wp\/v2\/product\/4415\/revisions"}],"predecessor-version":[{"id":5788,"href":"https:\/\/www.apiovan.com\/it\/wp-json\/wp\/v2\/product\/4415\/revisions\/5788"}],"wp:featuredmedia":[{"embeddable":true,"href":"https:\/\/www.apiovan.com\/it\/wp-json\/wp\/v2\/media\/4731"}],"wp:attachment":[{"href":"https:\/\/www.apiovan.com\/it\/wp-json\/wp\/v2\/media?parent=4415"}],"wp:term":[{"taxonomy":"product_brand","embeddable":true,"href":"https:\/\/www.apiovan.com\/it\/wp-json\/wp\/v2\/product_brand?post=4415"},{"taxonomy":"product_cat","embeddable":true,"href":"https:\/\/www.apiovan.com\/it\/wp-json\/wp\/v2\/product_cat?post=4415"},{"taxonomy":"product_tag","embeddable":true,"href":"https:\/\/www.apiovan.com\/it\/wp-json\/wp\/v2\/product_tag?post=4415"}],"curies":[{"name":"wp","href":"https:\/\/api.w.org\/{rel}","templated":true}]}}