{"id":4434,"date":"2022-06-14T09:28:30","date_gmt":"2022-06-14T07:28:30","guid":{"rendered":"https:\/\/www.apiovan.com\/rulli-applicatori-o-rulli-cliche\/"},"modified":"2025-06-19T16:04:51","modified_gmt":"2025-06-19T14:04:51","slug":"rulli-applicatori-o-rulli-cliche","status":"publish","type":"product","link":"https:\/\/www.apiovan.com\/it\/rulli-applicatori-o-rulli-cliche\/","title":{"rendered":"Rulli applicatori o clich\u00e8"},"content":{"rendered":"<p>I rulli applicatori nel settore Tissue necessit\u00e0 di mescole di alta qualit\u00e0 con geometrie molto precise per garantire un ottima distribuzione della colla e ottimizzare il consumo di prodotto.<br \/>\nA.Piovan ha sviluppato uno specifico prodotto per questa applicazione lavorando sulle materie prime e quindi la mescola, il processo di stabilizzazione post vulcanizzazione e la finitura con rettifiche di precisione all&#8217;avanguardia.<br \/>\n(geometria precisa, purezza, superficie priva di difetti, affinit\u00e0 di trasferimento) rimangono invariati.<br \/>\nNello specifico A.Piovan propone due soluzioni: gomma e poliuretano.<\/p>\n","protected":false},"excerpt":{"rendered":"<p>I rulli applicatori nel settore Tissue necessit\u00e0 di mescole di alta qualit\u00e0 con geometrie molto precise per garantire un ottima distribuzione della colla e ottimizzare il consumo di prodotto. A.Piovan ha sviluppato uno specifico prodotto per questa applicazione lavorando sulle materie prime e quindi la mescola, il processo di stabilizzazione post vulcanizzazione e la finitura [&hellip;]<\/p>\n","protected":false},"featured_media":4720,"template":"","meta":{"_acf_changed":false,"content-type":"","site-sidebar-layout":"default","site-content-layout":"default","ast-site-content-layout":"default","site-content-style":"default","site-sidebar-style":"default","ast-global-header-display":"","ast-banner-title-visibility":"","ast-main-header-display":"","ast-hfb-above-header-display":"","ast-hfb-below-header-display":"","ast-hfb-mobile-header-display":"","site-post-title":"","ast-breadcrumbs-content":"","ast-featured-img":"","footer-sml-layout":"","ast-disable-related-posts":"","theme-transparent-header-meta":"default","adv-header-id-meta":"","stick-header-meta":"default","header-above-stick-meta":"","header-main-stick-meta":"","header-below-stick-meta":"","astra-migrate-meta-layouts":"set","ast-page-background-enabled":"default","ast-page-background-meta":{"desktop":{"background-color":"var(--ast-global-color-4)","background-image":"","background-repeat":"repeat","background-position":"center center","background-size":"auto","background-attachment":"scroll","background-type":"","background-media":"","overlay-type":"","overlay-color":"","overlay-opacity":"","overlay-gradient":""},"tablet":{"background-color":"","background-image":"","background-repeat":"repeat","background-position":"center center","background-size":"auto","background-attachment":"scroll","background-type":"","background-media":"","overlay-type":"","overlay-color":"","overlay-opacity":"","overlay-gradient":""},"mobile":{"background-color":"","background-image":"","background-repeat":"repeat","background-position":"center center","background-size":"auto","background-attachment":"scroll","background-type":"","background-media":"","overlay-type":"","overlay-color":"","overlay-opacity":"","overlay-gradient":""}},"ast-content-background-meta":{"desktop":{"background-color":"var(--ast-global-color-5)","background-image":"","background-repeat":"repeat","background-position":"center center","background-size":"auto","background-attachment":"scroll","background-type":"","background-media":"","overlay-type":"","overlay-color":"","overlay-opacity":"","overlay-gradient":""},"tablet":{"background-color":"var(--ast-global-color-5)","background-image":"","background-repeat":"repeat","background-position":"center center","background-size":"auto","background-attachment":"scroll","background-type":"","background-media":"","overlay-type":"","overlay-color":"","overlay-opacity":"","overlay-gradient":""},"mobile":{"background-color":"var(--ast-global-color-5)","background-image":"","background-repeat":"repeat","background-position":"center center","background-size":"auto","background-attachment":"scroll","background-type":"","background-media":"","overlay-type":"","overlay-color":"","overlay-opacity":"","overlay-gradient":""}}},"product_brand":[],"product_cat":[31,45],"product_tag":[75],"class_list":{"0":"post-4434","1":"product","2":"type-product","3":"status-publish","4":"has-post-thumbnail","6":"product_cat-prodotti","7":"product_cat-rivestimenti-cilindri-in-gomma","8":"product_tag-cartario","9":"desktop-align-left","10":"tablet-align-left","11":"mobile-align-left","12":"ast-product-gallery-layout-horizontal","13":"ast-product-gallery-with-no-image","14":"ast-magnify-disabled","15":"ast-product-tabs-layout-horizontal","17":"first","18":"instock","19":"product-type-simple"},"acf":[],"yoast_head":"<!-- This site is optimized with the Yoast SEO plugin v27.2 - https:\/\/yoast.com\/product\/yoast-seo-wordpress\/ -->\n<title>Rulli Applicatori e Rulli Clich\u00e9 | A.Piovan<\/title>\n<meta name=\"description\" content=\"Rulli professionali applicatori e clich\u00e9 per stampa e rivestimento tessile. Produzione di precisione e soluzioni personalizzate.\" \/>\n<meta name=\"robots\" content=\"index, follow, max-snippet:-1, max-image-preview:large, max-video-preview:-1\" \/>\n<link rel=\"canonical\" href=\"https:\/\/www.apiovan.com\/it\/rulli-applicatori-o-rulli-cliche\/\" \/>\n<meta property=\"og:locale\" content=\"it_IT\" \/>\n<meta property=\"og:type\" content=\"article\" \/>\n<meta property=\"og:title\" content=\"Rulli Applicatori e Rulli Clich\u00e9 | A.Piovan\" \/>\n<meta property=\"og:description\" content=\"Rulli professionali applicatori e clich\u00e9 per stampa e rivestimento tessile. Produzione di precisione e soluzioni personalizzate.\" \/>\n<meta property=\"og:url\" content=\"https:\/\/www.apiovan.com\/it\/rulli-applicatori-o-rulli-cliche\/\" \/>\n<meta property=\"og:site_name\" content=\"A.Piovan Srl\" \/>\n<meta property=\"article:modified_time\" content=\"2025-06-19T14:04:51+00:00\" \/>\n<meta property=\"og:image\" content=\"https:\/\/www.apiovan.com\/wp-content\/uploads\/2022\/06\/rullo-in-gomma-nera-2-1024x683.jpg\" \/>\n\t<meta property=\"og:image:width\" content=\"1024\" \/>\n\t<meta property=\"og:image:height\" content=\"683\" \/>\n\t<meta property=\"og:image:type\" content=\"image\/jpeg\" \/>\n<meta name=\"twitter:card\" content=\"summary_large_image\" \/>\n<meta name=\"twitter:label1\" content=\"Tempo di lettura stimato\" \/>\n\t<meta name=\"twitter:data1\" content=\"1 minuto\" \/>\n<script type=\"application\/ld+json\" class=\"yoast-schema-graph\">{\"@context\":\"https:\/\/schema.org\",\"@graph\":[{\"@type\":\"WebPage\",\"@id\":\"https:\/\/www.apiovan.com\/it\/rulli-applicatori-o-rulli-cliche\/\",\"url\":\"https:\/\/www.apiovan.com\/it\/rulli-applicatori-o-rulli-cliche\/\",\"name\":\"Rulli Applicatori e Rulli Clich\u00e9 | A.Piovan\",\"isPartOf\":{\"@id\":\"https:\/\/www.apiovan.com\/it\/#website\"},\"primaryImageOfPage\":{\"@id\":\"https:\/\/www.apiovan.com\/it\/rulli-applicatori-o-rulli-cliche\/#primaryimage\"},\"image\":{\"@id\":\"https:\/\/www.apiovan.com\/it\/rulli-applicatori-o-rulli-cliche\/#primaryimage\"},\"thumbnailUrl\":\"https:\/\/www.apiovan.com\/wp-content\/uploads\/2022\/06\/rullo-in-gomma-nera-2.jpg\",\"datePublished\":\"2022-06-14T07:28:30+00:00\",\"dateModified\":\"2025-06-19T14:04:51+00:00\",\"description\":\"Rulli professionali applicatori e clich\u00e9 per stampa e rivestimento tessile. Produzione di precisione e soluzioni personalizzate.\",\"breadcrumb\":{\"@id\":\"https:\/\/www.apiovan.com\/it\/rulli-applicatori-o-rulli-cliche\/#breadcrumb\"},\"inLanguage\":\"it-IT\",\"potentialAction\":[{\"@type\":\"ReadAction\",\"target\":[\"https:\/\/www.apiovan.com\/it\/rulli-applicatori-o-rulli-cliche\/\"]}]},{\"@type\":\"ImageObject\",\"inLanguage\":\"it-IT\",\"@id\":\"https:\/\/www.apiovan.com\/it\/rulli-applicatori-o-rulli-cliche\/#primaryimage\",\"url\":\"https:\/\/www.apiovan.com\/wp-content\/uploads\/2022\/06\/rullo-in-gomma-nera-2.jpg\",\"contentUrl\":\"https:\/\/www.apiovan.com\/wp-content\/uploads\/2022\/06\/rullo-in-gomma-nera-2.jpg\",\"width\":8902,\"height\":5934,\"caption\":\"rullo in gomma\"},{\"@type\":\"BreadcrumbList\",\"@id\":\"https:\/\/www.apiovan.com\/it\/rulli-applicatori-o-rulli-cliche\/#breadcrumb\",\"itemListElement\":[{\"@type\":\"ListItem\",\"position\":1,\"name\":\"Home\",\"item\":\"https:\/\/www.apiovan.com\/it\/\"},{\"@type\":\"ListItem\",\"position\":2,\"name\":\"Prodotti\",\"item\":\"https:\/\/www.apiovan.com\/it\/shop\/\"},{\"@type\":\"ListItem\",\"position\":3,\"name\":\"Rulli applicatori o clich\u00e8\"}]},{\"@type\":\"WebSite\",\"@id\":\"https:\/\/www.apiovan.com\/it\/#website\",\"url\":\"https:\/\/www.apiovan.com\/it\/\",\"name\":\"A.Piovan Srl\",\"description\":\"Prodotti in gomma per macchine industriali\",\"publisher\":{\"@id\":\"https:\/\/www.apiovan.com\/it\/#organization\"},\"potentialAction\":[{\"@type\":\"SearchAction\",\"target\":{\"@type\":\"EntryPoint\",\"urlTemplate\":\"https:\/\/www.apiovan.com\/it\/?s={search_term_string}\"},\"query-input\":{\"@type\":\"PropertyValueSpecification\",\"valueRequired\":true,\"valueName\":\"search_term_string\"}}],\"inLanguage\":\"it-IT\"},{\"@type\":\"Organization\",\"@id\":\"https:\/\/www.apiovan.com\/it\/#organization\",\"name\":\"A.Piovan Srl\",\"url\":\"https:\/\/www.apiovan.com\/it\/\",\"logo\":{\"@type\":\"ImageObject\",\"inLanguage\":\"it-IT\",\"@id\":\"https:\/\/www.apiovan.com\/it\/#\/schema\/logo\/image\/\",\"url\":\"https:\/\/www.apiovan.com\/wp-content\/uploads\/2022\/04\/logo_piovan_footer.png\",\"contentUrl\":\"https:\/\/www.apiovan.com\/wp-content\/uploads\/2022\/04\/logo_piovan_footer.png\",\"width\":264,\"height\":64,\"caption\":\"A.Piovan Srl\"},\"image\":{\"@id\":\"https:\/\/www.apiovan.com\/it\/#\/schema\/logo\/image\/\"},\"sameAs\":[\"https:\/\/www.linkedin.com\/company\/a-piovan-srl\/\"]}]}<\/script>\n<!-- \/ Yoast SEO plugin. -->","yoast_head_json":{"title":"Rulli Applicatori e Rulli Clich\u00e9 | A.Piovan","description":"Rulli professionali applicatori e clich\u00e9 per stampa e rivestimento tessile. Produzione di precisione e soluzioni personalizzate.","robots":{"index":"index","follow":"follow","max-snippet":"max-snippet:-1","max-image-preview":"max-image-preview:large","max-video-preview":"max-video-preview:-1"},"canonical":"https:\/\/www.apiovan.com\/it\/rulli-applicatori-o-rulli-cliche\/","og_locale":"it_IT","og_type":"article","og_title":"Rulli Applicatori e Rulli Clich\u00e9 | A.Piovan","og_description":"Rulli professionali applicatori e clich\u00e9 per stampa e rivestimento tessile. Produzione di precisione e soluzioni personalizzate.","og_url":"https:\/\/www.apiovan.com\/it\/rulli-applicatori-o-rulli-cliche\/","og_site_name":"A.Piovan Srl","article_modified_time":"2025-06-19T14:04:51+00:00","og_image":[{"width":1024,"height":683,"url":"https:\/\/www.apiovan.com\/wp-content\/uploads\/2022\/06\/rullo-in-gomma-nera-2-1024x683.jpg","type":"image\/jpeg"}],"twitter_card":"summary_large_image","twitter_misc":{"Tempo di lettura stimato":"1 minuto"},"schema":{"@context":"https:\/\/schema.org","@graph":[{"@type":"WebPage","@id":"https:\/\/www.apiovan.com\/it\/rulli-applicatori-o-rulli-cliche\/","url":"https:\/\/www.apiovan.com\/it\/rulli-applicatori-o-rulli-cliche\/","name":"Rulli Applicatori e Rulli Clich\u00e9 | A.Piovan","isPartOf":{"@id":"https:\/\/www.apiovan.com\/it\/#website"},"primaryImageOfPage":{"@id":"https:\/\/www.apiovan.com\/it\/rulli-applicatori-o-rulli-cliche\/#primaryimage"},"image":{"@id":"https:\/\/www.apiovan.com\/it\/rulli-applicatori-o-rulli-cliche\/#primaryimage"},"thumbnailUrl":"https:\/\/www.apiovan.com\/wp-content\/uploads\/2022\/06\/rullo-in-gomma-nera-2.jpg","datePublished":"2022-06-14T07:28:30+00:00","dateModified":"2025-06-19T14:04:51+00:00","description":"Rulli professionali applicatori e clich\u00e9 per stampa e rivestimento tessile. Produzione di precisione e soluzioni personalizzate.","breadcrumb":{"@id":"https:\/\/www.apiovan.com\/it\/rulli-applicatori-o-rulli-cliche\/#breadcrumb"},"inLanguage":"it-IT","potentialAction":[{"@type":"ReadAction","target":["https:\/\/www.apiovan.com\/it\/rulli-applicatori-o-rulli-cliche\/"]}]},{"@type":"ImageObject","inLanguage":"it-IT","@id":"https:\/\/www.apiovan.com\/it\/rulli-applicatori-o-rulli-cliche\/#primaryimage","url":"https:\/\/www.apiovan.com\/wp-content\/uploads\/2022\/06\/rullo-in-gomma-nera-2.jpg","contentUrl":"https:\/\/www.apiovan.com\/wp-content\/uploads\/2022\/06\/rullo-in-gomma-nera-2.jpg","width":8902,"height":5934,"caption":"rullo in gomma"},{"@type":"BreadcrumbList","@id":"https:\/\/www.apiovan.com\/it\/rulli-applicatori-o-rulli-cliche\/#breadcrumb","itemListElement":[{"@type":"ListItem","position":1,"name":"Home","item":"https:\/\/www.apiovan.com\/it\/"},{"@type":"ListItem","position":2,"name":"Prodotti","item":"https:\/\/www.apiovan.com\/it\/shop\/"},{"@type":"ListItem","position":3,"name":"Rulli applicatori o clich\u00e8"}]},{"@type":"WebSite","@id":"https:\/\/www.apiovan.com\/it\/#website","url":"https:\/\/www.apiovan.com\/it\/","name":"A.Piovan Srl","description":"Prodotti in gomma per macchine industriali","publisher":{"@id":"https:\/\/www.apiovan.com\/it\/#organization"},"potentialAction":[{"@type":"SearchAction","target":{"@type":"EntryPoint","urlTemplate":"https:\/\/www.apiovan.com\/it\/?s={search_term_string}"},"query-input":{"@type":"PropertyValueSpecification","valueRequired":true,"valueName":"search_term_string"}}],"inLanguage":"it-IT"},{"@type":"Organization","@id":"https:\/\/www.apiovan.com\/it\/#organization","name":"A.Piovan Srl","url":"https:\/\/www.apiovan.com\/it\/","logo":{"@type":"ImageObject","inLanguage":"it-IT","@id":"https:\/\/www.apiovan.com\/it\/#\/schema\/logo\/image\/","url":"https:\/\/www.apiovan.com\/wp-content\/uploads\/2022\/04\/logo_piovan_footer.png","contentUrl":"https:\/\/www.apiovan.com\/wp-content\/uploads\/2022\/04\/logo_piovan_footer.png","width":264,"height":64,"caption":"A.Piovan Srl"},"image":{"@id":"https:\/\/www.apiovan.com\/it\/#\/schema\/logo\/image\/"},"sameAs":["https:\/\/www.linkedin.com\/company\/a-piovan-srl\/"]}]}},"_links":{"self":[{"href":"https:\/\/www.apiovan.com\/it\/wp-json\/wp\/v2\/product\/4434","targetHints":{"allow":["GET"]}}],"collection":[{"href":"https:\/\/www.apiovan.com\/it\/wp-json\/wp\/v2\/product"}],"about":[{"href":"https:\/\/www.apiovan.com\/it\/wp-json\/wp\/v2\/types\/product"}],"version-history":[{"count":3,"href":"https:\/\/www.apiovan.com\/it\/wp-json\/wp\/v2\/product\/4434\/revisions"}],"predecessor-version":[{"id":4723,"href":"https:\/\/www.apiovan.com\/it\/wp-json\/wp\/v2\/product\/4434\/revisions\/4723"}],"wp:featuredmedia":[{"embeddable":true,"href":"https:\/\/www.apiovan.com\/it\/wp-json\/wp\/v2\/media\/4720"}],"wp:attachment":[{"href":"https:\/\/www.apiovan.com\/it\/wp-json\/wp\/v2\/media?parent=4434"}],"wp:term":[{"taxonomy":"product_brand","embeddable":true,"href":"https:\/\/www.apiovan.com\/it\/wp-json\/wp\/v2\/product_brand?post=4434"},{"taxonomy":"product_cat","embeddable":true,"href":"https:\/\/www.apiovan.com\/it\/wp-json\/wp\/v2\/product_cat?post=4434"},{"taxonomy":"product_tag","embeddable":true,"href":"https:\/\/www.apiovan.com\/it\/wp-json\/wp\/v2\/product_tag?post=4434"}],"curies":[{"name":"wp","href":"https:\/\/api.w.org\/{rel}","templated":true}]}}