{"id":4438,"date":"2022-06-14T09:28:30","date_gmt":"2022-06-14T07:28:30","guid":{"rendered":"https:\/\/www.apiovan.com\/cera-pl104-per-sanfor\/"},"modified":"2025-06-19T16:26:00","modified_gmt":"2025-06-19T14:26:00","slug":"cera-pl104-per-sanfor","status":"publish","type":"product","link":"https:\/\/www.apiovan.com\/it\/cera-pl104-per-sanfor\/","title":{"rendered":"cera pl104 per sanfor"},"content":{"rendered":"<p>La PL 104 WAX \u00e8 la risposta tecnologicamente pi\u00f9 avanzata per proteggere i lati del manicotto Sanfor a diretto contatto con il cilindro caldo.<br \/>\nQuesta speciale cera \u00e8 stata progettata per ridurre la frizione tra il manicotto in gomma ed il cilindro caldo nella macchina Sanfor.<br \/>\nLe sue caratteristiche principali sono:<\/p>\n<ul>\n<li>Eccellente scivolamento tra il cilindro caldo ed il manicotto Sanfor<\/li>\n<li>Compatibilit\u00e0 della gomma naturale con la PL 104 WAX senza alterazioni del manicotto in gomma ad alta temperatura<\/li>\n<li>Consistente persistenza dell\u2019azione di lubrificazione<\/li>\n<\/ul>\n<p>L\u2019uso della PL 104 WAX in accoppiata con il manicotto per sanforizzazione garantisce un aumento della vita utile del sanfor.<\/p>\n","protected":false},"excerpt":{"rendered":"<p>La PL 104 WAX \u00e8 la risposta tecnologicamente pi\u00f9 avanzata per proteggere i lati del manicotto Sanfor a diretto contatto con il cilindro caldo. Questa speciale cera \u00e8 stata progettata per ridurre la frizione tra il manicotto in gomma ed il cilindro caldo nella macchina Sanfor. Le sue caratteristiche principali sono: Eccellente scivolamento tra il [&hellip;]<\/p>\n","protected":false},"featured_media":4440,"template":"","meta":{"_acf_changed":false,"content-type":"","site-sidebar-layout":"default","site-content-layout":"default","ast-site-content-layout":"default","site-content-style":"default","site-sidebar-style":"default","ast-global-header-display":"","ast-banner-title-visibility":"","ast-main-header-display":"","ast-hfb-above-header-display":"","ast-hfb-below-header-display":"","ast-hfb-mobile-header-display":"","site-post-title":"","ast-breadcrumbs-content":"","ast-featured-img":"","footer-sml-layout":"","ast-disable-related-posts":"","theme-transparent-header-meta":"default","adv-header-id-meta":"","stick-header-meta":"default","header-above-stick-meta":"","header-main-stick-meta":"","header-below-stick-meta":"","astra-migrate-meta-layouts":"set","ast-page-background-enabled":"default","ast-page-background-meta":{"desktop":{"background-color":"var(--ast-global-color-4)","background-image":"","background-repeat":"repeat","background-position":"center center","background-size":"auto","background-attachment":"scroll","background-type":"","background-media":"","overlay-type":"","overlay-color":"","overlay-opacity":"","overlay-gradient":""},"tablet":{"background-color":"","background-image":"","background-repeat":"repeat","background-position":"center center","background-size":"auto","background-attachment":"scroll","background-type":"","background-media":"","overlay-type":"","overlay-color":"","overlay-opacity":"","overlay-gradient":""},"mobile":{"background-color":"","background-image":"","background-repeat":"repeat","background-position":"center center","background-size":"auto","background-attachment":"scroll","background-type":"","background-media":"","overlay-type":"","overlay-color":"","overlay-opacity":"","overlay-gradient":""}},"ast-content-background-meta":{"desktop":{"background-color":"var(--ast-global-color-5)","background-image":"","background-repeat":"repeat","background-position":"center center","background-size":"auto","background-attachment":"scroll","background-type":"","background-media":"","overlay-type":"","overlay-color":"","overlay-opacity":"","overlay-gradient":""},"tablet":{"background-color":"var(--ast-global-color-5)","background-image":"","background-repeat":"repeat","background-position":"center center","background-size":"auto","background-attachment":"scroll","background-type":"","background-media":"","overlay-type":"","overlay-color":"","overlay-opacity":"","overlay-gradient":""},"mobile":{"background-color":"var(--ast-global-color-5)","background-image":"","background-repeat":"repeat","background-position":"center center","background-size":"auto","background-attachment":"scroll","background-type":"","background-media":"","overlay-type":"","overlay-color":"","overlay-opacity":"","overlay-gradient":""}}},"product_brand":[],"product_cat":[133,31],"product_tag":[67],"class_list":{"0":"post-4438","1":"product","2":"type-product","3":"status-publish","4":"has-post-thumbnail","6":"product_cat-accessori-sanfor","7":"product_cat-prodotti","8":"product_tag-tessile","9":"desktop-align-left","10":"tablet-align-left","11":"mobile-align-left","12":"ast-product-gallery-layout-horizontal","13":"ast-product-gallery-with-no-image","14":"ast-magnify-disabled","15":"ast-product-tabs-layout-horizontal","17":"first","18":"instock","19":"taxable","20":"shipping-taxable","21":"purchasable","22":"product-type-simple"},"acf":[],"yoast_head":"<!-- This site is optimized with the Yoast SEO plugin v27.2 - https:\/\/yoast.com\/product\/yoast-seo-wordpress\/ -->\n<title>Cera PL-104 per Applicazioni Sanfor | A.Piovan<\/title>\n<meta name=\"description\" content=\"Cera specializzata PL-104 formulata per manutenzione nastri Sanfor e prestazioni ottimali nella lavorazione tessile.\" \/>\n<meta name=\"robots\" content=\"index, follow, max-snippet:-1, max-image-preview:large, max-video-preview:-1\" \/>\n<link rel=\"canonical\" href=\"https:\/\/www.apiovan.com\/it\/cera-pl104-per-sanfor\/\" \/>\n<meta property=\"og:locale\" content=\"it_IT\" \/>\n<meta property=\"og:type\" content=\"article\" \/>\n<meta property=\"og:title\" content=\"Cera PL-104 per Applicazioni Sanfor | A.Piovan\" \/>\n<meta property=\"og:description\" content=\"Cera specializzata PL-104 formulata per manutenzione nastri Sanfor e prestazioni ottimali nella lavorazione tessile.\" \/>\n<meta property=\"og:url\" content=\"https:\/\/www.apiovan.com\/it\/cera-pl104-per-sanfor\/\" \/>\n<meta property=\"og:site_name\" content=\"A.Piovan Srl\" \/>\n<meta property=\"article:modified_time\" content=\"2025-06-19T14:26:00+00:00\" \/>\n<meta property=\"og:image\" content=\"https:\/\/www.apiovan.com\/wp-content\/uploads\/2022\/06\/pl_104_wax.jpg\" \/>\n\t<meta property=\"og:image:width\" content=\"2560\" \/>\n\t<meta property=\"og:image:height\" content=\"1920\" \/>\n\t<meta property=\"og:image:type\" content=\"image\/jpeg\" \/>\n<meta name=\"twitter:card\" content=\"summary_large_image\" \/>\n<meta name=\"twitter:label1\" content=\"Tempo di lettura stimato\" \/>\n\t<meta name=\"twitter:data1\" content=\"1 minuto\" \/>\n<script type=\"application\/ld+json\" class=\"yoast-schema-graph\">{\"@context\":\"https:\/\/schema.org\",\"@graph\":[{\"@type\":\"WebPage\",\"@id\":\"https:\/\/www.apiovan.com\/it\/cera-pl104-per-sanfor\/\",\"url\":\"https:\/\/www.apiovan.com\/it\/cera-pl104-per-sanfor\/\",\"name\":\"Cera PL-104 per Applicazioni Sanfor | A.Piovan\",\"isPartOf\":{\"@id\":\"https:\/\/www.apiovan.com\/it\/#website\"},\"primaryImageOfPage\":{\"@id\":\"https:\/\/www.apiovan.com\/it\/cera-pl104-per-sanfor\/#primaryimage\"},\"image\":{\"@id\":\"https:\/\/www.apiovan.com\/it\/cera-pl104-per-sanfor\/#primaryimage\"},\"thumbnailUrl\":\"https:\/\/www.apiovan.com\/wp-content\/uploads\/2022\/06\/pl_104_wax.jpg\",\"datePublished\":\"2022-06-14T07:28:30+00:00\",\"dateModified\":\"2025-06-19T14:26:00+00:00\",\"description\":\"Cera specializzata PL-104 formulata per manutenzione nastri Sanfor e prestazioni ottimali nella lavorazione tessile.\",\"breadcrumb\":{\"@id\":\"https:\/\/www.apiovan.com\/it\/cera-pl104-per-sanfor\/#breadcrumb\"},\"inLanguage\":\"it-IT\",\"potentialAction\":[{\"@type\":\"ReadAction\",\"target\":[\"https:\/\/www.apiovan.com\/it\/cera-pl104-per-sanfor\/\"]}]},{\"@type\":\"ImageObject\",\"inLanguage\":\"it-IT\",\"@id\":\"https:\/\/www.apiovan.com\/it\/cera-pl104-per-sanfor\/#primaryimage\",\"url\":\"https:\/\/www.apiovan.com\/wp-content\/uploads\/2022\/06\/pl_104_wax.jpg\",\"contentUrl\":\"https:\/\/www.apiovan.com\/wp-content\/uploads\/2022\/06\/pl_104_wax.jpg\",\"width\":2560,\"height\":1920},{\"@type\":\"BreadcrumbList\",\"@id\":\"https:\/\/www.apiovan.com\/it\/cera-pl104-per-sanfor\/#breadcrumb\",\"itemListElement\":[{\"@type\":\"ListItem\",\"position\":1,\"name\":\"Home\",\"item\":\"https:\/\/www.apiovan.com\/it\/\"},{\"@type\":\"ListItem\",\"position\":2,\"name\":\"Prodotti\",\"item\":\"https:\/\/www.apiovan.com\/it\/shop\/\"},{\"@type\":\"ListItem\",\"position\":3,\"name\":\"cera pl104 per sanfor\"}]},{\"@type\":\"WebSite\",\"@id\":\"https:\/\/www.apiovan.com\/it\/#website\",\"url\":\"https:\/\/www.apiovan.com\/it\/\",\"name\":\"A.Piovan Srl\",\"description\":\"Prodotti in gomma per macchine industriali\",\"publisher\":{\"@id\":\"https:\/\/www.apiovan.com\/it\/#organization\"},\"potentialAction\":[{\"@type\":\"SearchAction\",\"target\":{\"@type\":\"EntryPoint\",\"urlTemplate\":\"https:\/\/www.apiovan.com\/it\/?s={search_term_string}\"},\"query-input\":{\"@type\":\"PropertyValueSpecification\",\"valueRequired\":true,\"valueName\":\"search_term_string\"}}],\"inLanguage\":\"it-IT\"},{\"@type\":\"Organization\",\"@id\":\"https:\/\/www.apiovan.com\/it\/#organization\",\"name\":\"A.Piovan Srl\",\"url\":\"https:\/\/www.apiovan.com\/it\/\",\"logo\":{\"@type\":\"ImageObject\",\"inLanguage\":\"it-IT\",\"@id\":\"https:\/\/www.apiovan.com\/it\/#\/schema\/logo\/image\/\",\"url\":\"https:\/\/www.apiovan.com\/wp-content\/uploads\/2022\/04\/logo_piovan_footer.png\",\"contentUrl\":\"https:\/\/www.apiovan.com\/wp-content\/uploads\/2022\/04\/logo_piovan_footer.png\",\"width\":264,\"height\":64,\"caption\":\"A.Piovan Srl\"},\"image\":{\"@id\":\"https:\/\/www.apiovan.com\/it\/#\/schema\/logo\/image\/\"},\"sameAs\":[\"https:\/\/www.linkedin.com\/company\/a-piovan-srl\/\"]}]}<\/script>\n<!-- \/ Yoast SEO plugin. -->","yoast_head_json":{"title":"Cera PL-104 per Applicazioni Sanfor | A.Piovan","description":"Cera specializzata PL-104 formulata per manutenzione nastri Sanfor e prestazioni ottimali nella lavorazione tessile.","robots":{"index":"index","follow":"follow","max-snippet":"max-snippet:-1","max-image-preview":"max-image-preview:large","max-video-preview":"max-video-preview:-1"},"canonical":"https:\/\/www.apiovan.com\/it\/cera-pl104-per-sanfor\/","og_locale":"it_IT","og_type":"article","og_title":"Cera PL-104 per Applicazioni Sanfor | A.Piovan","og_description":"Cera specializzata PL-104 formulata per manutenzione nastri Sanfor e prestazioni ottimali nella lavorazione tessile.","og_url":"https:\/\/www.apiovan.com\/it\/cera-pl104-per-sanfor\/","og_site_name":"A.Piovan Srl","article_modified_time":"2025-06-19T14:26:00+00:00","og_image":[{"width":2560,"height":1920,"url":"https:\/\/www.apiovan.com\/wp-content\/uploads\/2022\/06\/pl_104_wax.jpg","type":"image\/jpeg"}],"twitter_card":"summary_large_image","twitter_misc":{"Tempo di lettura stimato":"1 minuto"},"schema":{"@context":"https:\/\/schema.org","@graph":[{"@type":"WebPage","@id":"https:\/\/www.apiovan.com\/it\/cera-pl104-per-sanfor\/","url":"https:\/\/www.apiovan.com\/it\/cera-pl104-per-sanfor\/","name":"Cera PL-104 per Applicazioni Sanfor | A.Piovan","isPartOf":{"@id":"https:\/\/www.apiovan.com\/it\/#website"},"primaryImageOfPage":{"@id":"https:\/\/www.apiovan.com\/it\/cera-pl104-per-sanfor\/#primaryimage"},"image":{"@id":"https:\/\/www.apiovan.com\/it\/cera-pl104-per-sanfor\/#primaryimage"},"thumbnailUrl":"https:\/\/www.apiovan.com\/wp-content\/uploads\/2022\/06\/pl_104_wax.jpg","datePublished":"2022-06-14T07:28:30+00:00","dateModified":"2025-06-19T14:26:00+00:00","description":"Cera specializzata PL-104 formulata per manutenzione nastri Sanfor e prestazioni ottimali nella lavorazione tessile.","breadcrumb":{"@id":"https:\/\/www.apiovan.com\/it\/cera-pl104-per-sanfor\/#breadcrumb"},"inLanguage":"it-IT","potentialAction":[{"@type":"ReadAction","target":["https:\/\/www.apiovan.com\/it\/cera-pl104-per-sanfor\/"]}]},{"@type":"ImageObject","inLanguage":"it-IT","@id":"https:\/\/www.apiovan.com\/it\/cera-pl104-per-sanfor\/#primaryimage","url":"https:\/\/www.apiovan.com\/wp-content\/uploads\/2022\/06\/pl_104_wax.jpg","contentUrl":"https:\/\/www.apiovan.com\/wp-content\/uploads\/2022\/06\/pl_104_wax.jpg","width":2560,"height":1920},{"@type":"BreadcrumbList","@id":"https:\/\/www.apiovan.com\/it\/cera-pl104-per-sanfor\/#breadcrumb","itemListElement":[{"@type":"ListItem","position":1,"name":"Home","item":"https:\/\/www.apiovan.com\/it\/"},{"@type":"ListItem","position":2,"name":"Prodotti","item":"https:\/\/www.apiovan.com\/it\/shop\/"},{"@type":"ListItem","position":3,"name":"cera pl104 per sanfor"}]},{"@type":"WebSite","@id":"https:\/\/www.apiovan.com\/it\/#website","url":"https:\/\/www.apiovan.com\/it\/","name":"A.Piovan Srl","description":"Prodotti in gomma per macchine industriali","publisher":{"@id":"https:\/\/www.apiovan.com\/it\/#organization"},"potentialAction":[{"@type":"SearchAction","target":{"@type":"EntryPoint","urlTemplate":"https:\/\/www.apiovan.com\/it\/?s={search_term_string}"},"query-input":{"@type":"PropertyValueSpecification","valueRequired":true,"valueName":"search_term_string"}}],"inLanguage":"it-IT"},{"@type":"Organization","@id":"https:\/\/www.apiovan.com\/it\/#organization","name":"A.Piovan Srl","url":"https:\/\/www.apiovan.com\/it\/","logo":{"@type":"ImageObject","inLanguage":"it-IT","@id":"https:\/\/www.apiovan.com\/it\/#\/schema\/logo\/image\/","url":"https:\/\/www.apiovan.com\/wp-content\/uploads\/2022\/04\/logo_piovan_footer.png","contentUrl":"https:\/\/www.apiovan.com\/wp-content\/uploads\/2022\/04\/logo_piovan_footer.png","width":264,"height":64,"caption":"A.Piovan Srl"},"image":{"@id":"https:\/\/www.apiovan.com\/it\/#\/schema\/logo\/image\/"},"sameAs":["https:\/\/www.linkedin.com\/company\/a-piovan-srl\/"]}]}},"_links":{"self":[{"href":"https:\/\/www.apiovan.com\/it\/wp-json\/wp\/v2\/product\/4438","targetHints":{"allow":["GET"]}}],"collection":[{"href":"https:\/\/www.apiovan.com\/it\/wp-json\/wp\/v2\/product"}],"about":[{"href":"https:\/\/www.apiovan.com\/it\/wp-json\/wp\/v2\/types\/product"}],"version-history":[{"count":2,"href":"https:\/\/www.apiovan.com\/it\/wp-json\/wp\/v2\/product\/4438\/revisions"}],"predecessor-version":[{"id":4593,"href":"https:\/\/www.apiovan.com\/it\/wp-json\/wp\/v2\/product\/4438\/revisions\/4593"}],"wp:featuredmedia":[{"embeddable":true,"href":"https:\/\/www.apiovan.com\/it\/wp-json\/wp\/v2\/media\/4440"}],"wp:attachment":[{"href":"https:\/\/www.apiovan.com\/it\/wp-json\/wp\/v2\/media?parent=4438"}],"wp:term":[{"taxonomy":"product_brand","embeddable":true,"href":"https:\/\/www.apiovan.com\/it\/wp-json\/wp\/v2\/product_brand?post=4438"},{"taxonomy":"product_cat","embeddable":true,"href":"https:\/\/www.apiovan.com\/it\/wp-json\/wp\/v2\/product_cat?post=4438"},{"taxonomy":"product_tag","embeddable":true,"href":"https:\/\/www.apiovan.com\/it\/wp-json\/wp\/v2\/product_tag?post=4438"}],"curies":[{"name":"wp","href":"https:\/\/api.w.org\/{rel}","templated":true}]}}