{"id":4441,"date":"2022-06-14T09:28:30","date_gmt":"2022-06-14T07:28:30","guid":{"rendered":"https:\/\/www.apiovan.com\/racla-per-sanfor\/"},"modified":"2025-06-19T16:19:42","modified_gmt":"2025-06-19T14:19:42","slug":"racla-per-sanfor","status":"publish","type":"product","link":"https:\/\/www.apiovan.com\/it\/racla-per-sanfor\/","title":{"rendered":"racla per sanfor"},"content":{"rendered":"<p>A.Piovan ha progettato un&#8217;innovativa racla, fornita in dotazione con il proprio manicotto sanfor, da utilizzare al posto della racla in feltro nella posizione del getto d\u2019acqua di raffreddamento esterno dopo il sanforizzo. Questa racla, realizzata in poliuretano, va posizionata a contatto con il manicotto sanfor dal lato delle linee con una leggera pressione in modo da avere 4 linee a contatto con il manicotto.<br \/>\nL&#8217;azione sulla superficie di gomma \u00e8 pi\u00f9 morbida ed uniforme del feltro e mantiene la sua elasticit\u00e0 per lungo tempo senza segnare il manicotto, pu\u00f2 essere utilizzata anche per asciugare il manicotto se necessario dopo i cilindri spremitori.<br \/>\nSelezionare nella quantit\u00e0 il numero di metri desiderati.<\/p>\n","protected":false},"excerpt":{"rendered":"<p>A.Piovan ha progettato un&#8217;innovativa racla, fornita in dotazione con il proprio manicotto sanfor, da utilizzare al posto della racla in feltro nella posizione del getto d\u2019acqua di raffreddamento esterno dopo il sanforizzo. Questa racla, realizzata in poliuretano, va posizionata a contatto con il manicotto sanfor dal lato delle linee con una leggera pressione in modo [&hellip;]<\/p>\n","protected":false},"featured_media":4443,"template":"","meta":{"_acf_changed":false,"content-type":"","site-sidebar-layout":"default","site-content-layout":"default","ast-site-content-layout":"default","site-content-style":"default","site-sidebar-style":"default","ast-global-header-display":"","ast-banner-title-visibility":"","ast-main-header-display":"","ast-hfb-above-header-display":"","ast-hfb-below-header-display":"","ast-hfb-mobile-header-display":"","site-post-title":"","ast-breadcrumbs-content":"","ast-featured-img":"","footer-sml-layout":"","ast-disable-related-posts":"","theme-transparent-header-meta":"default","adv-header-id-meta":"","stick-header-meta":"default","header-above-stick-meta":"","header-main-stick-meta":"","header-below-stick-meta":"","astra-migrate-meta-layouts":"set","ast-page-background-enabled":"default","ast-page-background-meta":{"desktop":{"background-color":"var(--ast-global-color-4)","background-image":"","background-repeat":"repeat","background-position":"center center","background-size":"auto","background-attachment":"scroll","background-type":"","background-media":"","overlay-type":"","overlay-color":"","overlay-opacity":"","overlay-gradient":""},"tablet":{"background-color":"","background-image":"","background-repeat":"repeat","background-position":"center center","background-size":"auto","background-attachment":"scroll","background-type":"","background-media":"","overlay-type":"","overlay-color":"","overlay-opacity":"","overlay-gradient":""},"mobile":{"background-color":"","background-image":"","background-repeat":"repeat","background-position":"center center","background-size":"auto","background-attachment":"scroll","background-type":"","background-media":"","overlay-type":"","overlay-color":"","overlay-opacity":"","overlay-gradient":""}},"ast-content-background-meta":{"desktop":{"background-color":"var(--ast-global-color-5)","background-image":"","background-repeat":"repeat","background-position":"center center","background-size":"auto","background-attachment":"scroll","background-type":"","background-media":"","overlay-type":"","overlay-color":"","overlay-opacity":"","overlay-gradient":""},"tablet":{"background-color":"var(--ast-global-color-5)","background-image":"","background-repeat":"repeat","background-position":"center center","background-size":"auto","background-attachment":"scroll","background-type":"","background-media":"","overlay-type":"","overlay-color":"","overlay-opacity":"","overlay-gradient":""},"mobile":{"background-color":"var(--ast-global-color-5)","background-image":"","background-repeat":"repeat","background-position":"center center","background-size":"auto","background-attachment":"scroll","background-type":"","background-media":"","overlay-type":"","overlay-color":"","overlay-opacity":"","overlay-gradient":""}}},"product_brand":[],"product_cat":[52,31],"product_tag":[67],"class_list":{"0":"post-4441","1":"product","2":"type-product","3":"status-publish","4":"has-post-thumbnail","6":"product_cat-cinghia-in-poliuretano","7":"product_cat-prodotti","8":"product_tag-tessile","9":"desktop-align-left","10":"tablet-align-left","11":"mobile-align-left","12":"ast-product-gallery-layout-horizontal","13":"ast-product-gallery-with-no-image","14":"ast-magnify-disabled","15":"ast-product-tabs-layout-horizontal","17":"first","18":"instock","19":"taxable","20":"shipping-taxable","21":"purchasable","22":"product-type-simple"},"acf":[],"yoast_head":"<!-- This site is optimized with the Yoast SEO plugin v27.2 - https:\/\/yoast.com\/product\/yoast-seo-wordpress\/ -->\n<title>Racla per Sanfor - Pulizia di Precisione | A.Piovan<\/title>\n<meta name=\"description\" content=\"Racla professionale per pulizia e manutenzione nastri Sanfor. Garantisce prestazioni costanti e durata estesa del nastro.\" \/>\n<meta name=\"robots\" content=\"index, follow, max-snippet:-1, max-image-preview:large, max-video-preview:-1\" \/>\n<link rel=\"canonical\" href=\"https:\/\/www.apiovan.com\/it\/racla-per-sanfor\/\" \/>\n<meta property=\"og:locale\" content=\"it_IT\" \/>\n<meta property=\"og:type\" content=\"article\" \/>\n<meta property=\"og:title\" content=\"Racla per Sanfor - Pulizia di Precisione | A.Piovan\" \/>\n<meta property=\"og:description\" content=\"Racla professionale per pulizia e manutenzione nastri Sanfor. Garantisce prestazioni costanti e durata estesa del nastro.\" \/>\n<meta property=\"og:url\" content=\"https:\/\/www.apiovan.com\/it\/racla-per-sanfor\/\" \/>\n<meta property=\"og:site_name\" content=\"A.Piovan Srl\" \/>\n<meta property=\"article:modified_time\" content=\"2025-06-19T14:19:42+00:00\" \/>\n<meta property=\"og:image\" content=\"https:\/\/www.apiovan.com\/wp-content\/uploads\/2022\/06\/cinghia_liscia.jpg\" \/>\n\t<meta property=\"og:image:width\" content=\"2560\" \/>\n\t<meta property=\"og:image:height\" content=\"1709\" \/>\n\t<meta property=\"og:image:type\" content=\"image\/jpeg\" \/>\n<meta name=\"twitter:card\" content=\"summary_large_image\" \/>\n<meta name=\"twitter:label1\" content=\"Tempo di lettura stimato\" \/>\n\t<meta name=\"twitter:data1\" content=\"1 minuto\" \/>\n<script type=\"application\/ld+json\" class=\"yoast-schema-graph\">{\"@context\":\"https:\/\/schema.org\",\"@graph\":[{\"@type\":\"WebPage\",\"@id\":\"https:\/\/www.apiovan.com\/it\/racla-per-sanfor\/\",\"url\":\"https:\/\/www.apiovan.com\/it\/racla-per-sanfor\/\",\"name\":\"Racla per Sanfor - Pulizia di Precisione | A.Piovan\",\"isPartOf\":{\"@id\":\"https:\/\/www.apiovan.com\/it\/#website\"},\"primaryImageOfPage\":{\"@id\":\"https:\/\/www.apiovan.com\/it\/racla-per-sanfor\/#primaryimage\"},\"image\":{\"@id\":\"https:\/\/www.apiovan.com\/it\/racla-per-sanfor\/#primaryimage\"},\"thumbnailUrl\":\"https:\/\/www.apiovan.com\/wp-content\/uploads\/2022\/06\/cinghia_liscia.jpg\",\"datePublished\":\"2022-06-14T07:28:30+00:00\",\"dateModified\":\"2025-06-19T14:19:42+00:00\",\"description\":\"Racla professionale per pulizia e manutenzione nastri Sanfor. Garantisce prestazioni costanti e durata estesa del nastro.\",\"breadcrumb\":{\"@id\":\"https:\/\/www.apiovan.com\/it\/racla-per-sanfor\/#breadcrumb\"},\"inLanguage\":\"it-IT\",\"potentialAction\":[{\"@type\":\"ReadAction\",\"target\":[\"https:\/\/www.apiovan.com\/it\/racla-per-sanfor\/\"]}]},{\"@type\":\"ImageObject\",\"inLanguage\":\"it-IT\",\"@id\":\"https:\/\/www.apiovan.com\/it\/racla-per-sanfor\/#primaryimage\",\"url\":\"https:\/\/www.apiovan.com\/wp-content\/uploads\/2022\/06\/cinghia_liscia.jpg\",\"contentUrl\":\"https:\/\/www.apiovan.com\/wp-content\/uploads\/2022\/06\/cinghia_liscia.jpg\",\"width\":2560,\"height\":1709,\"caption\":\"cinghia in poliuretano liscia rigata termosaldabile\"},{\"@type\":\"BreadcrumbList\",\"@id\":\"https:\/\/www.apiovan.com\/it\/racla-per-sanfor\/#breadcrumb\",\"itemListElement\":[{\"@type\":\"ListItem\",\"position\":1,\"name\":\"Home\",\"item\":\"https:\/\/www.apiovan.com\/it\/\"},{\"@type\":\"ListItem\",\"position\":2,\"name\":\"Prodotti\",\"item\":\"https:\/\/www.apiovan.com\/it\/shop\/\"},{\"@type\":\"ListItem\",\"position\":3,\"name\":\"racla per sanfor\"}]},{\"@type\":\"WebSite\",\"@id\":\"https:\/\/www.apiovan.com\/it\/#website\",\"url\":\"https:\/\/www.apiovan.com\/it\/\",\"name\":\"A.Piovan Srl\",\"description\":\"Prodotti in gomma per macchine industriali\",\"publisher\":{\"@id\":\"https:\/\/www.apiovan.com\/it\/#organization\"},\"potentialAction\":[{\"@type\":\"SearchAction\",\"target\":{\"@type\":\"EntryPoint\",\"urlTemplate\":\"https:\/\/www.apiovan.com\/it\/?s={search_term_string}\"},\"query-input\":{\"@type\":\"PropertyValueSpecification\",\"valueRequired\":true,\"valueName\":\"search_term_string\"}}],\"inLanguage\":\"it-IT\"},{\"@type\":\"Organization\",\"@id\":\"https:\/\/www.apiovan.com\/it\/#organization\",\"name\":\"A.Piovan Srl\",\"url\":\"https:\/\/www.apiovan.com\/it\/\",\"logo\":{\"@type\":\"ImageObject\",\"inLanguage\":\"it-IT\",\"@id\":\"https:\/\/www.apiovan.com\/it\/#\/schema\/logo\/image\/\",\"url\":\"https:\/\/www.apiovan.com\/wp-content\/uploads\/2022\/04\/logo_piovan_footer.png\",\"contentUrl\":\"https:\/\/www.apiovan.com\/wp-content\/uploads\/2022\/04\/logo_piovan_footer.png\",\"width\":264,\"height\":64,\"caption\":\"A.Piovan Srl\"},\"image\":{\"@id\":\"https:\/\/www.apiovan.com\/it\/#\/schema\/logo\/image\/\"},\"sameAs\":[\"https:\/\/www.linkedin.com\/company\/a-piovan-srl\/\"]}]}<\/script>\n<!-- \/ Yoast SEO plugin. -->","yoast_head_json":{"title":"Racla per Sanfor - Pulizia di Precisione | A.Piovan","description":"Racla professionale per pulizia e manutenzione nastri Sanfor. Garantisce prestazioni costanti e durata estesa del nastro.","robots":{"index":"index","follow":"follow","max-snippet":"max-snippet:-1","max-image-preview":"max-image-preview:large","max-video-preview":"max-video-preview:-1"},"canonical":"https:\/\/www.apiovan.com\/it\/racla-per-sanfor\/","og_locale":"it_IT","og_type":"article","og_title":"Racla per Sanfor - Pulizia di Precisione | A.Piovan","og_description":"Racla professionale per pulizia e manutenzione nastri Sanfor. Garantisce prestazioni costanti e durata estesa del nastro.","og_url":"https:\/\/www.apiovan.com\/it\/racla-per-sanfor\/","og_site_name":"A.Piovan Srl","article_modified_time":"2025-06-19T14:19:42+00:00","og_image":[{"width":2560,"height":1709,"url":"https:\/\/www.apiovan.com\/wp-content\/uploads\/2022\/06\/cinghia_liscia.jpg","type":"image\/jpeg"}],"twitter_card":"summary_large_image","twitter_misc":{"Tempo di lettura stimato":"1 minuto"},"schema":{"@context":"https:\/\/schema.org","@graph":[{"@type":"WebPage","@id":"https:\/\/www.apiovan.com\/it\/racla-per-sanfor\/","url":"https:\/\/www.apiovan.com\/it\/racla-per-sanfor\/","name":"Racla per Sanfor - Pulizia di Precisione | A.Piovan","isPartOf":{"@id":"https:\/\/www.apiovan.com\/it\/#website"},"primaryImageOfPage":{"@id":"https:\/\/www.apiovan.com\/it\/racla-per-sanfor\/#primaryimage"},"image":{"@id":"https:\/\/www.apiovan.com\/it\/racla-per-sanfor\/#primaryimage"},"thumbnailUrl":"https:\/\/www.apiovan.com\/wp-content\/uploads\/2022\/06\/cinghia_liscia.jpg","datePublished":"2022-06-14T07:28:30+00:00","dateModified":"2025-06-19T14:19:42+00:00","description":"Racla professionale per pulizia e manutenzione nastri Sanfor. Garantisce prestazioni costanti e durata estesa del nastro.","breadcrumb":{"@id":"https:\/\/www.apiovan.com\/it\/racla-per-sanfor\/#breadcrumb"},"inLanguage":"it-IT","potentialAction":[{"@type":"ReadAction","target":["https:\/\/www.apiovan.com\/it\/racla-per-sanfor\/"]}]},{"@type":"ImageObject","inLanguage":"it-IT","@id":"https:\/\/www.apiovan.com\/it\/racla-per-sanfor\/#primaryimage","url":"https:\/\/www.apiovan.com\/wp-content\/uploads\/2022\/06\/cinghia_liscia.jpg","contentUrl":"https:\/\/www.apiovan.com\/wp-content\/uploads\/2022\/06\/cinghia_liscia.jpg","width":2560,"height":1709,"caption":"cinghia in poliuretano liscia rigata termosaldabile"},{"@type":"BreadcrumbList","@id":"https:\/\/www.apiovan.com\/it\/racla-per-sanfor\/#breadcrumb","itemListElement":[{"@type":"ListItem","position":1,"name":"Home","item":"https:\/\/www.apiovan.com\/it\/"},{"@type":"ListItem","position":2,"name":"Prodotti","item":"https:\/\/www.apiovan.com\/it\/shop\/"},{"@type":"ListItem","position":3,"name":"racla per sanfor"}]},{"@type":"WebSite","@id":"https:\/\/www.apiovan.com\/it\/#website","url":"https:\/\/www.apiovan.com\/it\/","name":"A.Piovan Srl","description":"Prodotti in gomma per macchine industriali","publisher":{"@id":"https:\/\/www.apiovan.com\/it\/#organization"},"potentialAction":[{"@type":"SearchAction","target":{"@type":"EntryPoint","urlTemplate":"https:\/\/www.apiovan.com\/it\/?s={search_term_string}"},"query-input":{"@type":"PropertyValueSpecification","valueRequired":true,"valueName":"search_term_string"}}],"inLanguage":"it-IT"},{"@type":"Organization","@id":"https:\/\/www.apiovan.com\/it\/#organization","name":"A.Piovan Srl","url":"https:\/\/www.apiovan.com\/it\/","logo":{"@type":"ImageObject","inLanguage":"it-IT","@id":"https:\/\/www.apiovan.com\/it\/#\/schema\/logo\/image\/","url":"https:\/\/www.apiovan.com\/wp-content\/uploads\/2022\/04\/logo_piovan_footer.png","contentUrl":"https:\/\/www.apiovan.com\/wp-content\/uploads\/2022\/04\/logo_piovan_footer.png","width":264,"height":64,"caption":"A.Piovan Srl"},"image":{"@id":"https:\/\/www.apiovan.com\/it\/#\/schema\/logo\/image\/"},"sameAs":["https:\/\/www.linkedin.com\/company\/a-piovan-srl\/"]}]}},"_links":{"self":[{"href":"https:\/\/www.apiovan.com\/it\/wp-json\/wp\/v2\/product\/4441","targetHints":{"allow":["GET"]}}],"collection":[{"href":"https:\/\/www.apiovan.com\/it\/wp-json\/wp\/v2\/product"}],"about":[{"href":"https:\/\/www.apiovan.com\/it\/wp-json\/wp\/v2\/types\/product"}],"version-history":[{"count":3,"href":"https:\/\/www.apiovan.com\/it\/wp-json\/wp\/v2\/product\/4441\/revisions"}],"predecessor-version":[{"id":4595,"href":"https:\/\/www.apiovan.com\/it\/wp-json\/wp\/v2\/product\/4441\/revisions\/4595"}],"wp:featuredmedia":[{"embeddable":true,"href":"https:\/\/www.apiovan.com\/it\/wp-json\/wp\/v2\/media\/4443"}],"wp:attachment":[{"href":"https:\/\/www.apiovan.com\/it\/wp-json\/wp\/v2\/media?parent=4441"}],"wp:term":[{"taxonomy":"product_brand","embeddable":true,"href":"https:\/\/www.apiovan.com\/it\/wp-json\/wp\/v2\/product_brand?post=4441"},{"taxonomy":"product_cat","embeddable":true,"href":"https:\/\/www.apiovan.com\/it\/wp-json\/wp\/v2\/product_cat?post=4441"},{"taxonomy":"product_tag","embeddable":true,"href":"https:\/\/www.apiovan.com\/it\/wp-json\/wp\/v2\/product_tag?post=4441"}],"curies":[{"name":"wp","href":"https:\/\/api.w.org\/{rel}","templated":true}]}}