{"id":7082,"date":"2025-02-14T15:55:29","date_gmt":"2025-02-14T14:55:29","guid":{"rendered":"https:\/\/www.apiovan.com\/?post_type=product&#038;p=7082"},"modified":"2025-06-18T12:45:56","modified_gmt":"2025-06-18T10:45:56","slug":"manicotto-in-gomma-allargatore","status":"publish","type":"product","link":"https:\/\/www.apiovan.com\/it\/manicotto-in-gomma-allargatore\/","title":{"rendered":"Manicotto in Gomma Allargatore"},"content":{"rendered":"<p>ll manicotto in gomma Stretchsleeve viene utilizzato con successo, con gli opportuni adattamenti, in diversi settori come carta, film plastici, non tessuti, accoppiamenti. \u00c8 stato realizzato uno speciale profilo sulla scanalatura elicoidale che assicura un elevato attrito ed azione divergente.<\/p>\n<p>In ambito tessile viene utilizzato come stendi-piega e la sua azione \u00e8 valida su tutti i tipi di tessuto, tnt, e film plastici per accoppiamento. Lo STRECHSLEEVE \u00e8 la versione a manicotto del cilindro gommato allargatore. Il manicotto pu\u00f2 essere installato in pochi minuti su un cilindro di metallo gi\u00e0 di vs propriet\u00e0, abbattendo cos\u00ec i fermi macchina ei costi di spedizione.<\/p>\n<p>Le caratteristiche principali sono degli STRECHROLL sono:<\/p>\n<ul>\n<li>Azione di allargamento del tessuto uniforme su tutta la superficie e non solo sulla parte centrale<\/li>\n<li>Capacit\u00e0 di stenditura anche con basse tensioni longitudinali<\/li>\n<li>Azione di stenditura in base ai principi delle scanalature (2-4 o 6)<\/li>\n<li>Soluzioni di diversi compound di gomma in base alle temperature ed ambienti di utilizzo<\/li>\n<li>Angolo di avvolgimento del tessuto da 100 a 270\u00b0<\/li>\n<\/ul>\n","protected":false},"excerpt":{"rendered":"<p>ll manicotto in gomma Stretchsleeve viene utilizzato con successo, con gli opportuni adattamenti, in diversi settori come carta, film plastici, non tessuti, accoppiamenti. \u00c8 stato realizzato uno speciale profilo sulla scanalatura elicoidale che assicura un elevato attrito ed azione divergente. In ambito tessile viene utilizzato come stendi-piega e la sua azione \u00e8 valida su tutti [&hellip;]<\/p>\n","protected":false},"featured_media":4715,"template":"","meta":{"_acf_changed":false,"content-type":"","site-sidebar-layout":"default","site-content-layout":"default","ast-site-content-layout":"default","site-content-style":"default","site-sidebar-style":"default","ast-global-header-display":"","ast-banner-title-visibility":"","ast-main-header-display":"","ast-hfb-above-header-display":"","ast-hfb-below-header-display":"","ast-hfb-mobile-header-display":"","site-post-title":"","ast-breadcrumbs-content":"","ast-featured-img":"","footer-sml-layout":"","ast-disable-related-posts":"","theme-transparent-header-meta":"default","adv-header-id-meta":"","stick-header-meta":"default","header-above-stick-meta":"","header-main-stick-meta":"","header-below-stick-meta":"","astra-migrate-meta-layouts":"set","ast-page-background-enabled":"default","ast-page-background-meta":{"desktop":{"background-color":"var(--ast-global-color-4)","background-image":"","background-repeat":"repeat","background-position":"center center","background-size":"auto","background-attachment":"scroll","background-type":"","background-media":"","overlay-type":"","overlay-color":"","overlay-opacity":"","overlay-gradient":""},"tablet":{"background-color":"","background-image":"","background-repeat":"repeat","background-position":"center center","background-size":"auto","background-attachment":"scroll","background-type":"","background-media":"","overlay-type":"","overlay-color":"","overlay-opacity":"","overlay-gradient":""},"mobile":{"background-color":"","background-image":"","background-repeat":"repeat","background-position":"center center","background-size":"auto","background-attachment":"scroll","background-type":"","background-media":"","overlay-type":"","overlay-color":"","overlay-opacity":"","overlay-gradient":""}},"ast-content-background-meta":{"desktop":{"background-color":"var(--ast-global-color-5)","background-image":"","background-repeat":"repeat","background-position":"center center","background-size":"auto","background-attachment":"scroll","background-type":"","background-media":"","overlay-type":"","overlay-color":"","overlay-opacity":"","overlay-gradient":""},"tablet":{"background-color":"var(--ast-global-color-5)","background-image":"","background-repeat":"repeat","background-position":"center center","background-size":"auto","background-attachment":"scroll","background-type":"","background-media":"","overlay-type":"","overlay-color":"","overlay-opacity":"","overlay-gradient":""},"mobile":{"background-color":"var(--ast-global-color-5)","background-image":"","background-repeat":"repeat","background-position":"center center","background-size":"auto","background-attachment":"scroll","background-type":"","background-media":"","overlay-type":"","overlay-color":"","overlay-opacity":"","overlay-gradient":""}}},"product_brand":[],"product_cat":[48,31],"product_tag":[72,67],"class_list":{"0":"post-7082","1":"product","2":"type-product","3":"status-publish","4":"has-post-thumbnail","6":"product_cat-manicotti-tubolari","7":"product_cat-prodotti","8":"product_tag-non-tessuto-tnt","9":"product_tag-tessile","10":"desktop-align-left","11":"tablet-align-left","12":"mobile-align-left","13":"ast-product-gallery-layout-horizontal","14":"ast-magnify-disabled","15":"ast-product-tabs-layout-horizontal","17":"first","18":"instock","19":"product-type-simple"},"acf":[],"yoast_head":"<!-- This site is optimized with the Yoast SEO plugin v27.2 - https:\/\/yoast.com\/product\/yoast-seo-wordpress\/ -->\n<title>Manicotto in Gomma Allargatore | A.Piovan<\/title>\n<meta name=\"description\" content=\"Manicotto allargatore in gomma per applicazioni tessili. Elasticit\u00e0 superiore e durata per operazioni di stiramento.\" \/>\n<meta name=\"robots\" content=\"index, follow, max-snippet:-1, max-image-preview:large, max-video-preview:-1\" \/>\n<link rel=\"canonical\" href=\"https:\/\/www.apiovan.com\/it\/manicotto-in-gomma-allargatore\/\" \/>\n<meta property=\"og:locale\" content=\"it_IT\" \/>\n<meta property=\"og:type\" content=\"article\" \/>\n<meta property=\"og:title\" content=\"Manicotto in Gomma Allargatore | A.Piovan\" \/>\n<meta property=\"og:description\" content=\"Manicotto allargatore in gomma per applicazioni tessili. Elasticit\u00e0 superiore e durata per operazioni di stiramento.\" \/>\n<meta property=\"og:url\" content=\"https:\/\/www.apiovan.com\/it\/manicotto-in-gomma-allargatore\/\" \/>\n<meta property=\"og:site_name\" content=\"A.Piovan Srl\" \/>\n<meta property=\"article:modified_time\" content=\"2025-06-18T10:45:56+00:00\" \/>\n<meta property=\"og:image\" content=\"https:\/\/www.apiovan.com\/wp-content\/uploads\/2022\/06\/IMG_4630sc-scaled.jpg\" \/>\n\t<meta property=\"og:image:width\" content=\"2560\" \/>\n\t<meta property=\"og:image:height\" content=\"1920\" \/>\n\t<meta property=\"og:image:type\" content=\"image\/jpeg\" \/>\n<meta name=\"twitter:card\" content=\"summary_large_image\" \/>\n<meta name=\"twitter:label1\" content=\"Tempo di lettura stimato\" \/>\n\t<meta name=\"twitter:data1\" content=\"1 minuto\" \/>\n<script type=\"application\/ld+json\" class=\"yoast-schema-graph\">{\"@context\":\"https:\/\/schema.org\",\"@graph\":[{\"@type\":\"WebPage\",\"@id\":\"https:\/\/www.apiovan.com\/it\/manicotto-in-gomma-allargatore\/\",\"url\":\"https:\/\/www.apiovan.com\/it\/manicotto-in-gomma-allargatore\/\",\"name\":\"Manicotto in Gomma Allargatore | A.Piovan\",\"isPartOf\":{\"@id\":\"https:\/\/www.apiovan.com\/it\/#website\"},\"primaryImageOfPage\":{\"@id\":\"https:\/\/www.apiovan.com\/it\/manicotto-in-gomma-allargatore\/#primaryimage\"},\"image\":{\"@id\":\"https:\/\/www.apiovan.com\/it\/manicotto-in-gomma-allargatore\/#primaryimage\"},\"thumbnailUrl\":\"https:\/\/www.apiovan.com\/wp-content\/uploads\/2022\/06\/IMG_4630sc-scaled.jpg\",\"datePublished\":\"2025-02-14T14:55:29+00:00\",\"dateModified\":\"2025-06-18T10:45:56+00:00\",\"description\":\"Manicotto allargatore in gomma per applicazioni tessili. Elasticit\u00e0 superiore e durata per operazioni di stiramento.\",\"breadcrumb\":{\"@id\":\"https:\/\/www.apiovan.com\/it\/manicotto-in-gomma-allargatore\/#breadcrumb\"},\"inLanguage\":\"it-IT\",\"potentialAction\":[{\"@type\":\"ReadAction\",\"target\":[\"https:\/\/www.apiovan.com\/it\/manicotto-in-gomma-allargatore\/\"]}]},{\"@type\":\"ImageObject\",\"inLanguage\":\"it-IT\",\"@id\":\"https:\/\/www.apiovan.com\/it\/manicotto-in-gomma-allargatore\/#primaryimage\",\"url\":\"https:\/\/www.apiovan.com\/wp-content\/uploads\/2022\/06\/IMG_4630sc-scaled.jpg\",\"contentUrl\":\"https:\/\/www.apiovan.com\/wp-content\/uploads\/2022\/06\/IMG_4630sc-scaled.jpg\",\"width\":2560,\"height\":1920,\"caption\":\"cilindro in gomma allargatore\"},{\"@type\":\"BreadcrumbList\",\"@id\":\"https:\/\/www.apiovan.com\/it\/manicotto-in-gomma-allargatore\/#breadcrumb\",\"itemListElement\":[{\"@type\":\"ListItem\",\"position\":1,\"name\":\"Home\",\"item\":\"https:\/\/www.apiovan.com\/it\/\"},{\"@type\":\"ListItem\",\"position\":2,\"name\":\"Prodotti\",\"item\":\"https:\/\/www.apiovan.com\/it\/shop\/\"},{\"@type\":\"ListItem\",\"position\":3,\"name\":\"Manicotto in Gomma Allargatore\"}]},{\"@type\":\"WebSite\",\"@id\":\"https:\/\/www.apiovan.com\/it\/#website\",\"url\":\"https:\/\/www.apiovan.com\/it\/\",\"name\":\"A.Piovan Srl\",\"description\":\"Prodotti in gomma per macchine industriali\",\"publisher\":{\"@id\":\"https:\/\/www.apiovan.com\/it\/#organization\"},\"potentialAction\":[{\"@type\":\"SearchAction\",\"target\":{\"@type\":\"EntryPoint\",\"urlTemplate\":\"https:\/\/www.apiovan.com\/it\/?s={search_term_string}\"},\"query-input\":{\"@type\":\"PropertyValueSpecification\",\"valueRequired\":true,\"valueName\":\"search_term_string\"}}],\"inLanguage\":\"it-IT\"},{\"@type\":\"Organization\",\"@id\":\"https:\/\/www.apiovan.com\/it\/#organization\",\"name\":\"A.Piovan Srl\",\"url\":\"https:\/\/www.apiovan.com\/it\/\",\"logo\":{\"@type\":\"ImageObject\",\"inLanguage\":\"it-IT\",\"@id\":\"https:\/\/www.apiovan.com\/it\/#\/schema\/logo\/image\/\",\"url\":\"https:\/\/www.apiovan.com\/wp-content\/uploads\/2022\/04\/logo_piovan_footer.png\",\"contentUrl\":\"https:\/\/www.apiovan.com\/wp-content\/uploads\/2022\/04\/logo_piovan_footer.png\",\"width\":264,\"height\":64,\"caption\":\"A.Piovan Srl\"},\"image\":{\"@id\":\"https:\/\/www.apiovan.com\/it\/#\/schema\/logo\/image\/\"},\"sameAs\":[\"https:\/\/www.linkedin.com\/company\/a-piovan-srl\/\"]}]}<\/script>\n<!-- \/ Yoast SEO plugin. -->","yoast_head_json":{"title":"Manicotto in Gomma Allargatore | A.Piovan","description":"Manicotto allargatore in gomma per applicazioni tessili. Elasticit\u00e0 superiore e durata per operazioni di stiramento.","robots":{"index":"index","follow":"follow","max-snippet":"max-snippet:-1","max-image-preview":"max-image-preview:large","max-video-preview":"max-video-preview:-1"},"canonical":"https:\/\/www.apiovan.com\/it\/manicotto-in-gomma-allargatore\/","og_locale":"it_IT","og_type":"article","og_title":"Manicotto in Gomma Allargatore | A.Piovan","og_description":"Manicotto allargatore in gomma per applicazioni tessili. Elasticit\u00e0 superiore e durata per operazioni di stiramento.","og_url":"https:\/\/www.apiovan.com\/it\/manicotto-in-gomma-allargatore\/","og_site_name":"A.Piovan Srl","article_modified_time":"2025-06-18T10:45:56+00:00","og_image":[{"width":2560,"height":1920,"url":"https:\/\/www.apiovan.com\/wp-content\/uploads\/2022\/06\/IMG_4630sc-scaled.jpg","type":"image\/jpeg"}],"twitter_card":"summary_large_image","twitter_misc":{"Tempo di lettura stimato":"1 minuto"},"schema":{"@context":"https:\/\/schema.org","@graph":[{"@type":"WebPage","@id":"https:\/\/www.apiovan.com\/it\/manicotto-in-gomma-allargatore\/","url":"https:\/\/www.apiovan.com\/it\/manicotto-in-gomma-allargatore\/","name":"Manicotto in Gomma Allargatore | A.Piovan","isPartOf":{"@id":"https:\/\/www.apiovan.com\/it\/#website"},"primaryImageOfPage":{"@id":"https:\/\/www.apiovan.com\/it\/manicotto-in-gomma-allargatore\/#primaryimage"},"image":{"@id":"https:\/\/www.apiovan.com\/it\/manicotto-in-gomma-allargatore\/#primaryimage"},"thumbnailUrl":"https:\/\/www.apiovan.com\/wp-content\/uploads\/2022\/06\/IMG_4630sc-scaled.jpg","datePublished":"2025-02-14T14:55:29+00:00","dateModified":"2025-06-18T10:45:56+00:00","description":"Manicotto allargatore in gomma per applicazioni tessili. Elasticit\u00e0 superiore e durata per operazioni di stiramento.","breadcrumb":{"@id":"https:\/\/www.apiovan.com\/it\/manicotto-in-gomma-allargatore\/#breadcrumb"},"inLanguage":"it-IT","potentialAction":[{"@type":"ReadAction","target":["https:\/\/www.apiovan.com\/it\/manicotto-in-gomma-allargatore\/"]}]},{"@type":"ImageObject","inLanguage":"it-IT","@id":"https:\/\/www.apiovan.com\/it\/manicotto-in-gomma-allargatore\/#primaryimage","url":"https:\/\/www.apiovan.com\/wp-content\/uploads\/2022\/06\/IMG_4630sc-scaled.jpg","contentUrl":"https:\/\/www.apiovan.com\/wp-content\/uploads\/2022\/06\/IMG_4630sc-scaled.jpg","width":2560,"height":1920,"caption":"cilindro in gomma allargatore"},{"@type":"BreadcrumbList","@id":"https:\/\/www.apiovan.com\/it\/manicotto-in-gomma-allargatore\/#breadcrumb","itemListElement":[{"@type":"ListItem","position":1,"name":"Home","item":"https:\/\/www.apiovan.com\/it\/"},{"@type":"ListItem","position":2,"name":"Prodotti","item":"https:\/\/www.apiovan.com\/it\/shop\/"},{"@type":"ListItem","position":3,"name":"Manicotto in Gomma Allargatore"}]},{"@type":"WebSite","@id":"https:\/\/www.apiovan.com\/it\/#website","url":"https:\/\/www.apiovan.com\/it\/","name":"A.Piovan Srl","description":"Prodotti in gomma per macchine industriali","publisher":{"@id":"https:\/\/www.apiovan.com\/it\/#organization"},"potentialAction":[{"@type":"SearchAction","target":{"@type":"EntryPoint","urlTemplate":"https:\/\/www.apiovan.com\/it\/?s={search_term_string}"},"query-input":{"@type":"PropertyValueSpecification","valueRequired":true,"valueName":"search_term_string"}}],"inLanguage":"it-IT"},{"@type":"Organization","@id":"https:\/\/www.apiovan.com\/it\/#organization","name":"A.Piovan Srl","url":"https:\/\/www.apiovan.com\/it\/","logo":{"@type":"ImageObject","inLanguage":"it-IT","@id":"https:\/\/www.apiovan.com\/it\/#\/schema\/logo\/image\/","url":"https:\/\/www.apiovan.com\/wp-content\/uploads\/2022\/04\/logo_piovan_footer.png","contentUrl":"https:\/\/www.apiovan.com\/wp-content\/uploads\/2022\/04\/logo_piovan_footer.png","width":264,"height":64,"caption":"A.Piovan Srl"},"image":{"@id":"https:\/\/www.apiovan.com\/it\/#\/schema\/logo\/image\/"},"sameAs":["https:\/\/www.linkedin.com\/company\/a-piovan-srl\/"]}]}},"_links":{"self":[{"href":"https:\/\/www.apiovan.com\/it\/wp-json\/wp\/v2\/product\/7082","targetHints":{"allow":["GET"]}}],"collection":[{"href":"https:\/\/www.apiovan.com\/it\/wp-json\/wp\/v2\/product"}],"about":[{"href":"https:\/\/www.apiovan.com\/it\/wp-json\/wp\/v2\/types\/product"}],"version-history":[{"count":1,"href":"https:\/\/www.apiovan.com\/it\/wp-json\/wp\/v2\/product\/7082\/revisions"}],"predecessor-version":[{"id":7083,"href":"https:\/\/www.apiovan.com\/it\/wp-json\/wp\/v2\/product\/7082\/revisions\/7083"}],"wp:featuredmedia":[{"embeddable":true,"href":"https:\/\/www.apiovan.com\/it\/wp-json\/wp\/v2\/media\/4715"}],"wp:attachment":[{"href":"https:\/\/www.apiovan.com\/it\/wp-json\/wp\/v2\/media?parent=7082"}],"wp:term":[{"taxonomy":"product_brand","embeddable":true,"href":"https:\/\/www.apiovan.com\/it\/wp-json\/wp\/v2\/product_brand?post=7082"},{"taxonomy":"product_cat","embeddable":true,"href":"https:\/\/www.apiovan.com\/it\/wp-json\/wp\/v2\/product_cat?post=7082"},{"taxonomy":"product_tag","embeddable":true,"href":"https:\/\/www.apiovan.com\/it\/wp-json\/wp\/v2\/product_tag?post=7082"}],"curies":[{"name":"wp","href":"https:\/\/api.w.org\/{rel}","templated":true}]}}