{"id":8435,"date":"2026-03-12T10:25:44","date_gmt":"2026-03-12T09:25:44","guid":{"rendered":"https:\/\/www.apiovan.com\/?post_type=product&#038;p=8435"},"modified":"2026-03-12T13:20:59","modified_gmt":"2026-03-12T12:20:59","slug":"pali-avvolgicarta-in-poliuretano","status":"publish","type":"product","link":"https:\/\/www.apiovan.com\/it\/pali-avvolgicarta-in-poliuretano\/","title":{"rendered":"Pali avvolgicarta in poliuretano"},"content":{"rendered":"<p>Per pali con <strong>lunghezze fino a 10.000 mm e diametri fino a 1.050 mm<\/strong>, A.Piovan fornisce soluzioni di qualit\u00e0 superiore sfruttando le tecnologie in possesso:<\/p>\n<ul>\n<li>L\u2019anima metallica viene preventivamente sabbiata, sgrassata e primerizzata,<\/li>\n<li>Viene applicato il rivestimento poliuretanico, tramite processo di \u201cribbon flow\u201d con la pi\u00f9 ampia gamma di durezza possibile, a partire da quella pi\u00f9 tipica per l\u2019applicazione, ovvero 90-92 shore A, corrispondenti in termini pratici a 10\u201315 punti P&amp;J.<\/li>\n<li>Segue una fase di post-curing che garantisce al materiale il raggiungimento delle sue caratteristiche fisico-meccaniche ottimali<\/li>\n<li>Si termina con la finitura del rivestimento e il controllo\/aggiustamento dell\u2019equilibratura dinamica<\/li>\n<\/ul>\n<p>La disponibilit\u00e0 di lavorare pali di queste misure con un simile rivestimento ci consente oggi di rispondere alla stragrande maggioranza delle esigenze del settore cartario, posizionando la A.Piovan come <strong>azienda di riferimento<\/strong> per le applicazioni di avvolgimento dove la qualit\u00e0 del prodotto e la continuit\u00e0 produttiva costituiscono requisiti non negoziabili.<\/p>\n<p>&nbsp;<\/p>\n","protected":false},"excerpt":{"rendered":"<p>Nel settore cartario, la fase di rewinding rappresenta uno dei punti di maggiore criticit\u00e0 dell&#8217;intera linea di produzione. La qualit\u00e0 del rotolo finito dipende in larga misura dalle caratteristiche meccaniche e dalla resistenza all\u2019usura degli organi di contatto. Tra questi, il palo avvolgicarta riveste un ruolo primario.<\/p>\n<p>Il rivestimento in poliuretano elastomerico rappresenta oggi un\u2019ottima soluzione, tecnologicamente pi\u00f9 consolidata in quanto coniuga eccellenti propriet\u00e0 meccaniche, un&#8217;elevata resistenza all&#8217;abrasione, buone propriet\u00e0 di smorzamento delle vibrazioni e una notevole stabilit\u00e0 dimensionale alle variazioni termiche tipiche dell&#8217;ambiente macchina.<\/p>\n<p>La corretta selezione delle specifiche del rivestimento costituisce una <strong>variabile di processo<\/strong> a tutti gli effetti, con impatto diretto sulla qualit\u00e0 del prodotto finito e sull&#8217;efficienza dell&#8217;impianto.<\/p>\n","protected":false},"featured_media":8439,"template":"","meta":{"_acf_changed":false,"content-type":"","site-sidebar-layout":"default","site-content-layout":"default","ast-site-content-layout":"default","site-content-style":"default","site-sidebar-style":"default","ast-global-header-display":"","ast-banner-title-visibility":"","ast-main-header-display":"","ast-hfb-above-header-display":"","ast-hfb-below-header-display":"","ast-hfb-mobile-header-display":"","site-post-title":"","ast-breadcrumbs-content":"","ast-featured-img":"","footer-sml-layout":"","ast-disable-related-posts":"","theme-transparent-header-meta":"default","adv-header-id-meta":"","stick-header-meta":"default","header-above-stick-meta":"","header-main-stick-meta":"","header-below-stick-meta":"","astra-migrate-meta-layouts":"set","ast-page-background-enabled":"default","ast-page-background-meta":{"desktop":{"background-color":"var(--ast-global-color-4)","background-image":"","background-repeat":"repeat","background-position":"center center","background-size":"auto","background-attachment":"scroll","background-type":"","background-media":"","overlay-type":"","overlay-color":"","overlay-opacity":"","overlay-gradient":""},"tablet":{"background-color":"","background-image":"","background-repeat":"repeat","background-position":"center center","background-size":"auto","background-attachment":"scroll","background-type":"","background-media":"","overlay-type":"","overlay-color":"","overlay-opacity":"","overlay-gradient":""},"mobile":{"background-color":"","background-image":"","background-repeat":"repeat","background-position":"center center","background-size":"auto","background-attachment":"scroll","background-type":"","background-media":"","overlay-type":"","overlay-color":"","overlay-opacity":"","overlay-gradient":""}},"ast-content-background-meta":{"desktop":{"background-color":"var(--ast-global-color-5)","background-image":"","background-repeat":"repeat","background-position":"center center","background-size":"auto","background-attachment":"scroll","background-type":"","background-media":"","overlay-type":"","overlay-color":"","overlay-opacity":"","overlay-gradient":""},"tablet":{"background-color":"var(--ast-global-color-5)","background-image":"","background-repeat":"repeat","background-position":"center center","background-size":"auto","background-attachment":"scroll","background-type":"","background-media":"","overlay-type":"","overlay-color":"","overlay-opacity":"","overlay-gradient":""},"mobile":{"background-color":"var(--ast-global-color-5)","background-image":"","background-repeat":"repeat","background-position":"center center","background-size":"auto","background-attachment":"scroll","background-type":"","background-media":"","overlay-type":"","overlay-color":"","overlay-opacity":"","overlay-gradient":""}}},"product_brand":[],"product_cat":[31,44],"product_tag":[75],"class_list":{"0":"post-8435","1":"product","2":"type-product","3":"status-publish","4":"has-post-thumbnail","6":"product_cat-prodotti","7":"product_cat-rivestimenti-cilindri-in-poliuretano","8":"product_tag-cartario","9":"desktop-align-left","10":"tablet-align-left","11":"mobile-align-left","12":"ast-product-gallery-layout-horizontal","13":"ast-product-gallery-with-no-image","14":"ast-magnify-disabled","15":"ast-product-tabs-layout-horizontal","17":"first","18":"instock","19":"product-type-simple"},"acf":[],"yoast_head":"<!-- This site is optimized with the Yoast SEO plugin v27.2 - https:\/\/yoast.com\/product\/yoast-seo-wordpress\/ -->\n<title>Pali avvolgicarta in poliuretano | A.Piovan<\/title>\n<meta name=\"description\" content=\"Nel settore cartario, la fase di avvolgimento rappresenta uno dei punti di maggiore criticit\u00e0 dell&#039;intera linea di produzione. Tra questi, il palo avvolgicarta riveste un ruolo primario.\" \/>\n<meta name=\"robots\" content=\"index, follow, max-snippet:-1, max-image-preview:large, max-video-preview:-1\" \/>\n<link rel=\"canonical\" href=\"https:\/\/www.apiovan.com\/it\/pali-avvolgicarta-in-poliuretano\/\" \/>\n<meta property=\"og:locale\" content=\"it_IT\" \/>\n<meta property=\"og:type\" content=\"article\" \/>\n<meta property=\"og:title\" content=\"Pali avvolgicarta in poliuretano | A.Piovan\" \/>\n<meta property=\"og:description\" content=\"Nel settore cartario, la fase di avvolgimento rappresenta uno dei punti di maggiore criticit\u00e0 dell&#039;intera linea di produzione. Tra questi, il palo avvolgicarta riveste un ruolo primario.\" \/>\n<meta property=\"og:url\" content=\"https:\/\/www.apiovan.com\/it\/pali-avvolgicarta-in-poliuretano\/\" \/>\n<meta property=\"og:site_name\" content=\"A.Piovan Srl\" \/>\n<meta property=\"article:modified_time\" content=\"2026-03-12T12:20:59+00:00\" \/>\n<meta property=\"og:image\" content=\"https:\/\/www.apiovan.com\/wp-content\/uploads\/2026\/03\/file_0000000002947246bcccf5dd49247c85-1024x683.png\" \/>\n\t<meta property=\"og:image:width\" content=\"1024\" \/>\n\t<meta property=\"og:image:height\" content=\"683\" \/>\n\t<meta property=\"og:image:type\" content=\"image\/png\" \/>\n<meta name=\"twitter:card\" content=\"summary_large_image\" \/>\n<meta name=\"twitter:label1\" content=\"Tempo di lettura stimato\" \/>\n\t<meta name=\"twitter:data1\" content=\"1 minuto\" \/>\n<script type=\"application\/ld+json\" class=\"yoast-schema-graph\">{\"@context\":\"https:\/\/schema.org\",\"@graph\":[{\"@type\":\"WebPage\",\"@id\":\"https:\/\/www.apiovan.com\/it\/pali-avvolgicarta-in-poliuretano\/\",\"url\":\"https:\/\/www.apiovan.com\/it\/pali-avvolgicarta-in-poliuretano\/\",\"name\":\"Pali avvolgicarta in poliuretano | A.Piovan\",\"isPartOf\":{\"@id\":\"https:\/\/www.apiovan.com\/it\/#website\"},\"primaryImageOfPage\":{\"@id\":\"https:\/\/www.apiovan.com\/it\/pali-avvolgicarta-in-poliuretano\/#primaryimage\"},\"image\":{\"@id\":\"https:\/\/www.apiovan.com\/it\/pali-avvolgicarta-in-poliuretano\/#primaryimage\"},\"thumbnailUrl\":\"https:\/\/www.apiovan.com\/wp-content\/uploads\/2026\/03\/file_0000000002947246bcccf5dd49247c85.png\",\"datePublished\":\"2026-03-12T09:25:44+00:00\",\"dateModified\":\"2026-03-12T12:20:59+00:00\",\"description\":\"Nel settore cartario, la fase di avvolgimento rappresenta uno dei punti di maggiore criticit\u00e0 dell'intera linea di produzione. Tra questi, il palo avvolgicarta riveste un ruolo primario.\",\"breadcrumb\":{\"@id\":\"https:\/\/www.apiovan.com\/it\/pali-avvolgicarta-in-poliuretano\/#breadcrumb\"},\"inLanguage\":\"it-IT\",\"potentialAction\":[{\"@type\":\"ReadAction\",\"target\":[\"https:\/\/www.apiovan.com\/it\/pali-avvolgicarta-in-poliuretano\/\"]}]},{\"@type\":\"ImageObject\",\"inLanguage\":\"it-IT\",\"@id\":\"https:\/\/www.apiovan.com\/it\/pali-avvolgicarta-in-poliuretano\/#primaryimage\",\"url\":\"https:\/\/www.apiovan.com\/wp-content\/uploads\/2026\/03\/file_0000000002947246bcccf5dd49247c85.png\",\"contentUrl\":\"https:\/\/www.apiovan.com\/wp-content\/uploads\/2026\/03\/file_0000000002947246bcccf5dd49247c85.png\",\"width\":1536,\"height\":1024},{\"@type\":\"BreadcrumbList\",\"@id\":\"https:\/\/www.apiovan.com\/it\/pali-avvolgicarta-in-poliuretano\/#breadcrumb\",\"itemListElement\":[{\"@type\":\"ListItem\",\"position\":1,\"name\":\"Home\",\"item\":\"https:\/\/www.apiovan.com\/it\/\"},{\"@type\":\"ListItem\",\"position\":2,\"name\":\"Prodotti\",\"item\":\"https:\/\/www.apiovan.com\/it\/shop\/\"},{\"@type\":\"ListItem\",\"position\":3,\"name\":\"Pali avvolgicarta in poliuretano\"}]},{\"@type\":\"WebSite\",\"@id\":\"https:\/\/www.apiovan.com\/it\/#website\",\"url\":\"https:\/\/www.apiovan.com\/it\/\",\"name\":\"A.Piovan Srl\",\"description\":\"Prodotti in gomma per macchine industriali\",\"publisher\":{\"@id\":\"https:\/\/www.apiovan.com\/it\/#organization\"},\"potentialAction\":[{\"@type\":\"SearchAction\",\"target\":{\"@type\":\"EntryPoint\",\"urlTemplate\":\"https:\/\/www.apiovan.com\/it\/?s={search_term_string}\"},\"query-input\":{\"@type\":\"PropertyValueSpecification\",\"valueRequired\":true,\"valueName\":\"search_term_string\"}}],\"inLanguage\":\"it-IT\"},{\"@type\":\"Organization\",\"@id\":\"https:\/\/www.apiovan.com\/it\/#organization\",\"name\":\"A.Piovan Srl\",\"url\":\"https:\/\/www.apiovan.com\/it\/\",\"logo\":{\"@type\":\"ImageObject\",\"inLanguage\":\"it-IT\",\"@id\":\"https:\/\/www.apiovan.com\/it\/#\/schema\/logo\/image\/\",\"url\":\"https:\/\/www.apiovan.com\/wp-content\/uploads\/2022\/04\/logo_piovan_footer.png\",\"contentUrl\":\"https:\/\/www.apiovan.com\/wp-content\/uploads\/2022\/04\/logo_piovan_footer.png\",\"width\":264,\"height\":64,\"caption\":\"A.Piovan Srl\"},\"image\":{\"@id\":\"https:\/\/www.apiovan.com\/it\/#\/schema\/logo\/image\/\"},\"sameAs\":[\"https:\/\/www.linkedin.com\/company\/a-piovan-srl\/\"]}]}<\/script>\n<!-- \/ Yoast SEO plugin. -->","yoast_head_json":{"title":"Pali avvolgicarta in poliuretano | A.Piovan","description":"Nel settore cartario, la fase di avvolgimento rappresenta uno dei punti di maggiore criticit\u00e0 dell'intera linea di produzione. Tra questi, il palo avvolgicarta riveste un ruolo primario.","robots":{"index":"index","follow":"follow","max-snippet":"max-snippet:-1","max-image-preview":"max-image-preview:large","max-video-preview":"max-video-preview:-1"},"canonical":"https:\/\/www.apiovan.com\/it\/pali-avvolgicarta-in-poliuretano\/","og_locale":"it_IT","og_type":"article","og_title":"Pali avvolgicarta in poliuretano | A.Piovan","og_description":"Nel settore cartario, la fase di avvolgimento rappresenta uno dei punti di maggiore criticit\u00e0 dell'intera linea di produzione. Tra questi, il palo avvolgicarta riveste un ruolo primario.","og_url":"https:\/\/www.apiovan.com\/it\/pali-avvolgicarta-in-poliuretano\/","og_site_name":"A.Piovan Srl","article_modified_time":"2026-03-12T12:20:59+00:00","og_image":[{"width":1024,"height":683,"url":"https:\/\/www.apiovan.com\/wp-content\/uploads\/2026\/03\/file_0000000002947246bcccf5dd49247c85-1024x683.png","type":"image\/png"}],"twitter_card":"summary_large_image","twitter_misc":{"Tempo di lettura stimato":"1 minuto"},"schema":{"@context":"https:\/\/schema.org","@graph":[{"@type":"WebPage","@id":"https:\/\/www.apiovan.com\/it\/pali-avvolgicarta-in-poliuretano\/","url":"https:\/\/www.apiovan.com\/it\/pali-avvolgicarta-in-poliuretano\/","name":"Pali avvolgicarta in poliuretano | A.Piovan","isPartOf":{"@id":"https:\/\/www.apiovan.com\/it\/#website"},"primaryImageOfPage":{"@id":"https:\/\/www.apiovan.com\/it\/pali-avvolgicarta-in-poliuretano\/#primaryimage"},"image":{"@id":"https:\/\/www.apiovan.com\/it\/pali-avvolgicarta-in-poliuretano\/#primaryimage"},"thumbnailUrl":"https:\/\/www.apiovan.com\/wp-content\/uploads\/2026\/03\/file_0000000002947246bcccf5dd49247c85.png","datePublished":"2026-03-12T09:25:44+00:00","dateModified":"2026-03-12T12:20:59+00:00","description":"Nel settore cartario, la fase di avvolgimento rappresenta uno dei punti di maggiore criticit\u00e0 dell'intera linea di produzione. Tra questi, il palo avvolgicarta riveste un ruolo primario.","breadcrumb":{"@id":"https:\/\/www.apiovan.com\/it\/pali-avvolgicarta-in-poliuretano\/#breadcrumb"},"inLanguage":"it-IT","potentialAction":[{"@type":"ReadAction","target":["https:\/\/www.apiovan.com\/it\/pali-avvolgicarta-in-poliuretano\/"]}]},{"@type":"ImageObject","inLanguage":"it-IT","@id":"https:\/\/www.apiovan.com\/it\/pali-avvolgicarta-in-poliuretano\/#primaryimage","url":"https:\/\/www.apiovan.com\/wp-content\/uploads\/2026\/03\/file_0000000002947246bcccf5dd49247c85.png","contentUrl":"https:\/\/www.apiovan.com\/wp-content\/uploads\/2026\/03\/file_0000000002947246bcccf5dd49247c85.png","width":1536,"height":1024},{"@type":"BreadcrumbList","@id":"https:\/\/www.apiovan.com\/it\/pali-avvolgicarta-in-poliuretano\/#breadcrumb","itemListElement":[{"@type":"ListItem","position":1,"name":"Home","item":"https:\/\/www.apiovan.com\/it\/"},{"@type":"ListItem","position":2,"name":"Prodotti","item":"https:\/\/www.apiovan.com\/it\/shop\/"},{"@type":"ListItem","position":3,"name":"Pali avvolgicarta in poliuretano"}]},{"@type":"WebSite","@id":"https:\/\/www.apiovan.com\/it\/#website","url":"https:\/\/www.apiovan.com\/it\/","name":"A.Piovan Srl","description":"Prodotti in gomma per macchine industriali","publisher":{"@id":"https:\/\/www.apiovan.com\/it\/#organization"},"potentialAction":[{"@type":"SearchAction","target":{"@type":"EntryPoint","urlTemplate":"https:\/\/www.apiovan.com\/it\/?s={search_term_string}"},"query-input":{"@type":"PropertyValueSpecification","valueRequired":true,"valueName":"search_term_string"}}],"inLanguage":"it-IT"},{"@type":"Organization","@id":"https:\/\/www.apiovan.com\/it\/#organization","name":"A.Piovan Srl","url":"https:\/\/www.apiovan.com\/it\/","logo":{"@type":"ImageObject","inLanguage":"it-IT","@id":"https:\/\/www.apiovan.com\/it\/#\/schema\/logo\/image\/","url":"https:\/\/www.apiovan.com\/wp-content\/uploads\/2022\/04\/logo_piovan_footer.png","contentUrl":"https:\/\/www.apiovan.com\/wp-content\/uploads\/2022\/04\/logo_piovan_footer.png","width":264,"height":64,"caption":"A.Piovan Srl"},"image":{"@id":"https:\/\/www.apiovan.com\/it\/#\/schema\/logo\/image\/"},"sameAs":["https:\/\/www.linkedin.com\/company\/a-piovan-srl\/"]}]}},"_links":{"self":[{"href":"https:\/\/www.apiovan.com\/it\/wp-json\/wp\/v2\/product\/8435","targetHints":{"allow":["GET"]}}],"collection":[{"href":"https:\/\/www.apiovan.com\/it\/wp-json\/wp\/v2\/product"}],"about":[{"href":"https:\/\/www.apiovan.com\/it\/wp-json\/wp\/v2\/types\/product"}],"version-history":[{"count":4,"href":"https:\/\/www.apiovan.com\/it\/wp-json\/wp\/v2\/product\/8435\/revisions"}],"predecessor-version":[{"id":8468,"href":"https:\/\/www.apiovan.com\/it\/wp-json\/wp\/v2\/product\/8435\/revisions\/8468"}],"wp:featuredmedia":[{"embeddable":true,"href":"https:\/\/www.apiovan.com\/it\/wp-json\/wp\/v2\/media\/8439"}],"wp:attachment":[{"href":"https:\/\/www.apiovan.com\/it\/wp-json\/wp\/v2\/media?parent=8435"}],"wp:term":[{"taxonomy":"product_brand","embeddable":true,"href":"https:\/\/www.apiovan.com\/it\/wp-json\/wp\/v2\/product_brand?post=8435"},{"taxonomy":"product_cat","embeddable":true,"href":"https:\/\/www.apiovan.com\/it\/wp-json\/wp\/v2\/product_cat?post=8435"},{"taxonomy":"product_tag","embeddable":true,"href":"https:\/\/www.apiovan.com\/it\/wp-json\/wp\/v2\/product_tag?post=8435"}],"curies":[{"name":"wp","href":"https:\/\/api.w.org\/{rel}","templated":true}]}}